{"id":77394,"date":"2023-03-15T08:49:26","date_gmt":"2023-03-15T07:49:26","guid":{"rendered":"https:\/\/sistemasdetubos.com\/services\/redes-contraincendios\/"},"modified":"2023-04-27T22:45:16","modified_gmt":"2023-04-27T20:45:16","slug":"fire-fighting-networks","status":"publish","type":"page","link":"https:\/\/sistemasdetubos.com\/en\/services\/fire-fighting-networks\/","title":{"rendered":"FIRE FIGHTING NETWORKS"},"content":{"rendered":"<section class=\"wpb-content-wrapper\"><p>[vc_row css=&#8221;.vc_custom_1678704780490{padding-top: 60px !important;padding-bottom: 80px !important;}&#8221;][vc_column width=&#8221;5\/12&#8243; css=&#8221;.vc_custom_1678693422567{padding-top: 20px !important;}&#8221;][vc_custom_heading text=&#8221;What <em>we offer?<\/em>&#8221; font_container=&#8221;tag:h2|font_size:36px|text_align:left&#8221; el_class=&#8221;special&#8221;][vc_custom_heading text=&#8221;En Sistema de Tubos somos pionero en Espa\u00f1a en la promoci\u00f3n y ejecuci\u00f3n de redes contraincendios en PEAD mediante soldadura a tope.&#8221; font_container=&#8221;tag:p|font_size:18px|text_align:justify&#8221;][vc_column_text]<\/p>\n<p style=\"text-align: justify;\">In <strong>Sistemas de Tubos<\/strong> we have performed more than 800 installations at national and international level as a specialized partner and in all sectors, from petrochemical to nuclear power plants through automotive, logistics or pharmaceuticals, always with the highest quality standards that allow our customers to ensure cost containment and reliability in the solutions provided.<\/p>\n<p>[\/vc_column_text][\/vc_column][vc_column width=&#8221;7\/12&#8243;][vc_row_inner][vc_column_inner][vc_single_image image=&#8221;75791&#8243; img_size=&#8221;full&#8221; alignment=&#8221;right&#8221;][\/vc_column_inner][\/vc_row_inner][\/vc_column][\/vc_row][vc_row type=&#8221;full_width&#8221; css=&#8221;.vc_custom_1681801432529{background-color: #f7f7f7 !important;background-position: 0 0 !important;background-repeat: no-repeat !important;}&#8221; el_id=&#8221;leading&#8221;][vc_column width=&#8221;1\/2&#8243; css=&#8221;.vc_custom_1678694711473{margin-bottom: 15px !important;}&#8221;][vc_single_image image=&#8221;75791&#8243; img_size=&#8221;1000&#215;550&#8243;][\/vc_column][vc_column width=&#8221;1\/2&#8243; css=&#8221;.vc_custom_1678959297693{margin-bottom: 15px !important;padding-right: 15% !important;padding-left: 15% !important;}&#8221;][vc_empty_space height=&#8221;70px&#8221;][vc_custom_heading text=&#8221;Fire network services&#8221; font_container=&#8221;tag:h2|font_size:36px|text_align:left|color:%23002d90&#8243;][vc_column_text el_class=&#8221;home8_whychooseus_text&#8221;]<\/p>\n<ul>\n<li>Buried networks made of HDPE polyethylene pipe sdr11 pn16<\/li>\n<li>Buried networks made with HDPE polyethylene pipe HDPE sdr11 pn16 UL\/FM approved<\/li>\n<li>Butt welding of HDPE pipes<\/li>\n<li>Buried networks made with ductile cast iron pipe<\/li>\n<li>Hydrants and monitors<\/li>\n<li>Connections to control posts<\/li>\n<li>Switching valves, position indicator posts and limit switch control posts<\/li>\n<li>Pressure tests under UNE 23500, EN 805 or EN 53399 standards.<\/li>\n<\/ul>\n<p>[\/vc_column_text][\/vc_column][\/vc_row][vc_row css=&#8221;.vc_custom_1678959386591{padding-top: 50px !important;padding-right: 45px !important;padding-bottom: 30px !important;padding-left: 45px !important;}&#8221; el_class=&#8221;align-center services services-2&#8243;][vc_column][vc_empty_space height=&#8221;40px&#8221;][vc_custom_heading text=&#8221;Discover the rest of our services&#8221; font_container=&#8221;tag:h2|font_size:48|text_align:center|color:%23000000&#8243;][vc_custom_heading text=&#8221;Team of professionals at your service&#8221; font_container=&#8221;tag:h2|text_align:center|color:%23002d90&#8243; el_class=&#8221;mw600&#8243; css=&#8221;.vc_custom_1682606022886{padding-bottom: 50px !important;}&#8221;][vc_empty_space height=&#8221;20px&#8221;][vc_row_inner el_class=&#8221;pro-services&#8221; css=&#8221;.vc_custom_1678700846830{padding-bottom: 30px !important;}&#8221;][vc_column_inner width=&#8221;1\/3&#8243;][vc_single_image image=&#8221;75648&#8243; img_size=&#8221;full&#8221; alignment=&#8221;center&#8221;][vc_icon icon_fontawesome=&#8221;fas fa-water&#8221; color=&#8221;white&#8221;][vc_custom_heading text=&#8221;HYDRAULIC INSTALLATIONS&#8221; font_container=&#8221;tag:h4|text_align:center|color:%23000000&#8243; css=&#8221;.vc_custom_1682628279148{padding-top: 40px !important;padding-bottom: 20px !important;background-color: #f6f6f6 !important;}&#8221; link=&#8221;url:https%3A%2F%2Fsistemasdetubos.com%2Fen%2Fservices%2Fhydraulic-installations%2F|title:Quienes%20somos&#8221;][\/vc_column_inner][vc_column_inner width=&#8221;1\/3&#8243;][vc_single_image image=&#8221;75831&#8243; img_size=&#8221;full&#8221; alignment=&#8221;center&#8221;][vc_icon icon_fontawesome=&#8221;fas fa-certificate&#8221; color=&#8221;white&#8221;][vc_custom_heading text=&#8221;INDUSTRY AND SPECIAL INSTALLATIONS&#8221; font_container=&#8221;tag:h4|text_align:center|color:%23000000&#8243; css=&#8221;.vc_custom_1682628293768{padding-top: 40px !important;padding-bottom: 20px !important;background-color: #f6f6f6 !important;}&#8221; link=&#8221;url:https%3A%2F%2Fsistemasdetubos.com%2Fen%2Fservices%2Findustry-and-special-installations%2F|title:Alquiler%20de%20maquinaria&#8221;][\/vc_column_inner][vc_column_inner width=&#8221;1\/3&#8243;][vc_single_image image=&#8221;75650&#8243; img_size=&#8221;full&#8221;][vc_icon icon_fontawesome=&#8221;fab fa-opencart&#8221; color=&#8221;white&#8221;][vc_custom_heading text=&#8221;SUBMARINE OUTFALLS&#8221; font_container=&#8221;tag:h4|text_align:center|color:%23000000&#8243; css=&#8221;.vc_custom_1682628307437{padding-top: 40px !important;padding-bottom: 20px !important;background-color: #f6f6f6 !important;}&#8221; link=&#8221;url:https%3A%2F%2Fsistemasdetubos.com%2Fen%2Fservices%2Fsubmarine-outfalls%2F|title:Emisarios%20submarinos&#8221;][\/vc_column_inner][\/vc_row_inner][vc_row_inner][vc_column_inner][vc_empty_space][vc_btn title=&#8221;Discover all our services&#8221; style=&#8221;outline&#8221; shape=&#8221;square&#8221; color=&#8221;black&#8221; align=&#8221;center&#8221; el_class=&#8221;tm-btn1&#8243; link=&#8221;url:https%3A%2F%2Fsistemasdetubos.com%2Fen%2Fservices%2F|title:Servicios&#8221;][\/vc_column_inner][\/vc_row_inner][\/vc_column][\/vc_row]<\/p>\n<\/section>","protected":false},"excerpt":{"rendered":"<p>[vc_row css=&#8221;.vc_custom_1678704780490{padding-top: 60px !important;padding-bottom: 80px !important;}&#8221;][vc_column width=&#8221;5\/12&#8243; css=&#8221;.vc_custom_1678693422567{padding-top: 20px !important;}&#8221;][vc_custom_heading text=&#8221;What we offer?&#8221; font_container=&#8221;tag:h2|font_size:36px|text_align:left&#8221; el_class=&#8221;special&#8221;][vc_custom_heading text=&#8221;En Sistema de Tubos somos pionero en Espa\u00f1a en la promoci\u00f3n y ejecuci\u00f3n de redes contraincendios en PEAD mediante soldadura a tope.&#8221; font_container=&#8221;tag:p|font_size:18px|text_align:justify&#8221;][vc_column_text] In Sistemas de Tubos we have performed more than 800 installations at national and international level as [&hellip;]<\/p>\n","protected":false},"author":1,"featured_media":0,"parent":77356,"menu_order":0,"comment_status":"closed","ping_status":"closed","template":"","meta":{"footnotes":""},"class_list":["post-77394","page","type-page","status-publish","hentry"],"aioseo_notices":[],"_links":{"self":[{"href":"https:\/\/sistemasdetubos.com\/en\/wp-json\/wp\/v2\/pages\/77394","targetHints":{"allow":["GET"]}}],"collection":[{"href":"https:\/\/sistemasdetubos.com\/en\/wp-json\/wp\/v2\/pages"}],"about":[{"href":"https:\/\/sistemasdetubos.com\/en\/wp-json\/wp\/v2\/types\/page"}],"author":[{"embeddable":true,"href":"https:\/\/sistemasdetubos.com\/en\/wp-json\/wp\/v2\/users\/1"}],"replies":[{"embeddable":true,"href":"https:\/\/sistemasdetubos.com\/en\/wp-json\/wp\/v2\/comments?post=77394"}],"version-history":[{"count":4,"href":"https:\/\/sistemasdetubos.com\/en\/wp-json\/wp\/v2\/pages\/77394\/revisions"}],"predecessor-version":[{"id":77424,"href":"https:\/\/sistemasdetubos.com\/en\/wp-json\/wp\/v2\/pages\/77394\/revisions\/77424"}],"up":[{"embeddable":true,"href":"https:\/\/sistemasdetubos.com\/en\/wp-json\/wp\/v2\/pages\/77356"}],"wp:attachment":[{"href":"https:\/\/sistemasdetubos.com\/en\/wp-json\/wp\/v2\/media?parent=77394"}],"curies":[{"name":"wp","href":"https:\/\/api.w.org\/{rel}","templated":true}]}}