{"id":76830,"date":"2023-04-03T09:24:09","date_gmt":"2023-04-03T07:24:09","guid":{"rendered":"https:\/\/sistemasdetubos.com\/clausula-de-consentimiento-para-el-tratamiento-y-cesion-de-cv\/"},"modified":"2023-04-24T15:31:21","modified_gmt":"2023-04-24T13:31:21","slug":"clausula-de-consentimiento-para-el-tratamiento-y-cesion-de-cv","status":"publish","type":"page","link":"https:\/\/sistemasdetubos.com\/ca\/clausula-de-consentimiento-para-el-tratamiento-y-cesion-de-cv\/","title":{"rendered":"Cl\u00e0usula de consentiment per al tractament i cessi\u00f3 de CV"},"content":{"rendered":"<p style=\"text-align: justify;\">SISTEMAS DE TUBOS S.L. prove\u00eft de CIF n\u00fam. B60747763, l&#8217;informa que conforme disposa el Reglament (UE) 2016\/679 del Parlament Europeu i del Consell, de 27 d&#8217;abril de 2016, relatiu a la protecci\u00f3 de les persones f\u00edsiques referent al tractament de dades personals i a la lliure circulaci\u00f3 d&#8217;aquests, que les dades personals facilitades i recollits en aquesta sol\u00b7licitud d&#8217;ocupaci\u00f3 o curriculum vitae, seran tractats i inclosos de manera automatitzada en els fitxers de dades personals baix responsabilitat de SISTEMAS DE TUBOS S.L., on es recullen i emmagatzemen les dades personals amb la finalitat exclusiva de formar part en els processos de selecci\u00f3 de personal, borsa de treball i contractaci\u00f3 que es duguin a terme.<\/p>\n<p>L&#8217;interessat atorga el seu consentiment per al tractament de les seves dades personals amb la finalitat anteriorment esmentada. En el sup\u00f2sit de produir-se alguna modificaci\u00f3 de les seves dades personals, li sol\u00b7licitem, ens el comuniqui per escrit amb l&#8217;\u00fanica finalitat de mantenir actualitzada la seva sol\u00b7licitud d&#8217;ocupaci\u00f3 o curriculum vitae.<\/p>\n<p>El titular de les dades personals consent expressa i inequ\u00edvocament al fet que les seves dades personals se cedeixin a altres organitzacions interessades en determinats perfils de treball.<\/p>\n<p style=\"text-align: justify;\"><span data-contrast=\"none\">Calle del Vidre (pg in Foix), 2<\/span><span data-ccp-props=\"{&quot;201341983&quot;:0,&quot;335551550&quot;:1,&quot;335551620&quot;:1,&quot;335559739&quot;:160,&quot;335559740&quot;:259}\">\u00a0<\/span><\/p>\n<p style=\"text-align: justify;\"><span data-contrast=\"none\">L\u2019arbo\u00e7 43720<\/span><span data-ccp-props=\"{&quot;201341983&quot;:0,&quot;335551550&quot;:1,&quot;335551620&quot;:1,&quot;335559739&quot;:160,&quot;335559740&quot;:259}\">\u00a0<\/span><\/p>\n<p style=\"text-align: justify;\"><span data-contrast=\"none\">Tarragona<\/span><span data-ccp-props=\"{&quot;201341983&quot;:0,&quot;335551550&quot;:1,&quot;335551620&quot;:1,&quot;335559739&quot;:160,&quot;335559740&quot;:259}\">\u00a0<\/span><\/p>\n","protected":false},"excerpt":{"rendered":"<p>SISTEMAS DE TUBOS S.L. prove\u00eft de CIF n\u00fam. B60747763, l&#8217;informa que conforme disposa el Reglament (UE) 2016\/679 del Parlament Europeu i del Consell, de 27 d&#8217;abril de 2016, relatiu a la protecci\u00f3 de les persones f\u00edsiques referent al tractament de dades personals i a la lliure circulaci\u00f3 d&#8217;aquests, que les dades personals facilitades i recollits [&hellip;]<\/p>\n","protected":false},"author":1,"featured_media":0,"parent":0,"menu_order":0,"comment_status":"closed","ping_status":"closed","template":"","meta":{"footnotes":""},"class_list":["post-76830","page","type-page","status-publish","hentry"],"aioseo_notices":[],"_links":{"self":[{"href":"https:\/\/sistemasdetubos.com\/ca\/wp-json\/wp\/v2\/pages\/76830","targetHints":{"allow":["GET"]}}],"collection":[{"href":"https:\/\/sistemasdetubos.com\/ca\/wp-json\/wp\/v2\/pages"}],"about":[{"href":"https:\/\/sistemasdetubos.com\/ca\/wp-json\/wp\/v2\/types\/page"}],"author":[{"embeddable":true,"href":"https:\/\/sistemasdetubos.com\/ca\/wp-json\/wp\/v2\/users\/1"}],"replies":[{"embeddable":true,"href":"https:\/\/sistemasdetubos.com\/ca\/wp-json\/wp\/v2\/comments?post=76830"}],"version-history":[{"count":2,"href":"https:\/\/sistemasdetubos.com\/ca\/wp-json\/wp\/v2\/pages\/76830\/revisions"}],"predecessor-version":[{"id":76832,"href":"https:\/\/sistemasdetubos.com\/ca\/wp-json\/wp\/v2\/pages\/76830\/revisions\/76832"}],"wp:attachment":[{"href":"https:\/\/sistemasdetubos.com\/ca\/wp-json\/wp\/v2\/media?parent=76830"}],"curies":[{"name":"wp","href":"https:\/\/api.w.org\/{rel}","templated":true}]}}