{"id":76813,"date":"2023-04-03T10:47:22","date_gmt":"2023-04-03T08:47:22","guid":{"rendered":"https:\/\/sistemasdetubos.com\/politica-de-calidad\/"},"modified":"2024-05-07T11:31:05","modified_gmt":"2024-05-07T09:31:05","slug":"politica-de-calidad","status":"publish","type":"page","link":"https:\/\/sistemasdetubos.com\/ca\/politica-de-calidad\/","title":{"rendered":"Pol\u00edtica de qualitat"},"content":{"rendered":"<section class=\"wpb-content-wrapper\"><p>[vc_row][vc_column][vc_column_text]<\/p>\n<p style=\"text-align: justify;\"><strong>SISTEMAS DE TUBOS<\/strong> es dedica a la comercialitzaci\u00f3 i instal\u00b7laci\u00f3 de canonades per a xarxes de prove\u00efment d&#8217;instal\u00b7lacions contra incendis, captacions de biog\u00e0s i lixiviats i la fabricaci\u00f3 d&#8217;accessoris manipulats, col\u00b7lectors i peces especials a mesura<\/p>\n<p style=\"text-align: justify;\">La direcci\u00f3 de <strong>SISTEMAS DE TUBOS<\/strong> considera com a principis b\u00e0sics de la seva gesti\u00f3, la realitzaci\u00f3 de les seves activitats amb un alt nivell de qualitat, assegurant l&#8217;obtenci\u00f3 de resultats segons les necessitats del client.<\/p>\n<p style=\"text-align: justify;\">La Pol\u00edtica de Qualitat de <strong>SISTEMAS DE TUBOS<\/strong>, es fonamenta en els seg\u00fcents principis:<\/p>\n<p style=\"text-align: justify;\">\u2022 <strong>Objectiu principal<\/strong><br \/>\nProporcionar els recursos necessaris per a assegurar l&#8217;efici\u00e8ncia del servei, divulgant la Pol\u00edtica de Qualitat i assegurant el correcte compliment del Sistema de Gesti\u00f3 de la Qualitat basant-nos sempre en la millora cont\u00ednua de la nostra organitzaci\u00f3, la innovaci\u00f3 i el desenvolupament al servei dels nostres clients i el respecte al medi ambient.<\/p>\n<p style=\"text-align: justify;\">\u2022 <strong>Responsabilitat i satisfacci\u00f3 del client<\/strong><br \/>\nSatisfer les expectatives dels nostres clients, oferint un servei d&#8217;avantguarda, conforme a les normes i legislaci\u00f3 que regulen el sector, que optimitzin l&#8217;efici\u00e8ncia, seguretat i prestaci\u00f3 del nostre servei.<\/p>\n<p style=\"text-align: justify;\">\u2022 <strong>Mat\u00e8ries primeres<\/strong><br \/>\nTotes les nostres mat\u00e8ries primeres es mesuren sota normes de qualitat establertes i cada prove\u00efdor ha de complir amb les normes de qualitat.<\/p>\n<p style=\"text-align: justify;\">\u2022 <strong>Desenvolupament personal<\/strong><br \/>\nPer a aconseguir els objectius marcats \u00e9s vital obtenir el comprom\u00eds del personal.<br \/>\nSISTEMAS DE TUBOS assegura la idone\u00eftat de tot el seu personal brindant-li cursos, capacitaci\u00f3 i actualitzaci\u00f3 en els temes de la seva compet\u00e8ncia.<\/p>\n<p style=\"text-align: justify;\">\u2022 <strong>Comunicaci\u00f3<\/strong><br \/>\nLes relacions amb el nostre personal, clients i prove\u00efdors es basen en una cooperaci\u00f3 i comunicaci\u00f3 oberta, i en el nostre comprom\u00eds a donar resposta d&#8217;una manera professional a qualsevol necessitat expressada per ells.<\/p>\n<p style=\"text-align: justify;\">La Direcci\u00f3 de <strong>SISTEMAS DE TUBOS<\/strong> es compromet a estimular i fer exigible a totes les unitats operatives de l&#8217;empresa al fet que contribueixin, en la mesura que els correspongui, al compliment de la Pol\u00edtica de Qualitat<\/p>\n<p>Direcci\u00f3 de <strong>SISTEMAS DE TUBOS<\/strong>, a 06\/03\/2024.[\/vc_column_text][\/vc_column][\/vc_row]<\/p>\n<\/section>","protected":false},"excerpt":{"rendered":"<p>[vc_row][vc_column][vc_column_text] SISTEMAS DE TUBOS es dedica a la comercialitzaci\u00f3 i instal\u00b7laci\u00f3 de canonades per a xarxes de prove\u00efment d&#8217;instal\u00b7lacions contra incendis, captacions de biog\u00e0s i lixiviats i la fabricaci\u00f3 d&#8217;accessoris manipulats, col\u00b7lectors i peces especials a mesura La direcci\u00f3 de SISTEMAS DE TUBOS considera com a principis b\u00e0sics de la seva gesti\u00f3, la realitzaci\u00f3 de [&hellip;]<\/p>\n","protected":false},"author":1,"featured_media":0,"parent":0,"menu_order":0,"comment_status":"closed","ping_status":"closed","template":"","meta":{"footnotes":""},"class_list":["post-76813","page","type-page","status-publish","hentry"],"aioseo_notices":[],"_links":{"self":[{"href":"https:\/\/sistemasdetubos.com\/ca\/wp-json\/wp\/v2\/pages\/76813","targetHints":{"allow":["GET"]}}],"collection":[{"href":"https:\/\/sistemasdetubos.com\/ca\/wp-json\/wp\/v2\/pages"}],"about":[{"href":"https:\/\/sistemasdetubos.com\/ca\/wp-json\/wp\/v2\/types\/page"}],"author":[{"embeddable":true,"href":"https:\/\/sistemasdetubos.com\/ca\/wp-json\/wp\/v2\/users\/1"}],"replies":[{"embeddable":true,"href":"https:\/\/sistemasdetubos.com\/ca\/wp-json\/wp\/v2\/comments?post=76813"}],"version-history":[{"count":2,"href":"https:\/\/sistemasdetubos.com\/ca\/wp-json\/wp\/v2\/pages\/76813\/revisions"}],"predecessor-version":[{"id":77549,"href":"https:\/\/sistemasdetubos.com\/ca\/wp-json\/wp\/v2\/pages\/76813\/revisions\/77549"}],"wp:attachment":[{"href":"https:\/\/sistemasdetubos.com\/ca\/wp-json\/wp\/v2\/media?parent=76813"}],"curies":[{"name":"wp","href":"https:\/\/api.w.org\/{rel}","templated":true}]}}