{"id":76791,"date":"2023-03-08T14:21:11","date_gmt":"2023-03-08T13:21:11","guid":{"rendered":"https:\/\/sistemasdetubos.com\/quienes-somos\/"},"modified":"2025-08-28T09:26:19","modified_gmt":"2025-08-28T07:26:19","slug":"qui-som","status":"publish","type":"page","link":"https:\/\/sistemasdetubos.com\/ca\/qui-som\/","title":{"rendered":"Qui som"},"content":{"rendered":"<section class=\"wpb-content-wrapper\"><p>[vc_row css=&#8221;.vc_custom_1678704780490{padding-top: 60px !important;padding-bottom: 80px !important;}&#8221;][vc_column width=&#8221;5\/12&#8243; css=&#8221;.vc_custom_1678693422567{padding-top: 20px !important;}&#8221;][vc_custom_heading text=&#8221;La nostra <em>preocupaci\u00f3,<\/em> els nostres <em>clients<\/em>.&#8221; font_container=&#8221;tag:h2|font_size:36px|text_align:left&#8221; el_class=&#8221;special&#8221;][vc_custom_heading text=&#8221;A Sistemas de Tubos estem compromesos amb els projectes dels nostres clients i busquem la seva total satisfacci\u00f3 en cadascun d&#8217;ells.&#8221; font_container=&#8221;tag:p|font_size:18px|text_align:left&#8221;][vc_custom_heading text=&#8221;A Sistemas de Tubos estem compromesos amb els projectes dels nostres clients i busquem la seva total satisfacci\u00f3 en cadascun d&#8217;ells.&#8221; font_container=&#8221;tag:p|font_size:18px|text_align:left&#8221;][vc_column_text]<\/p>\n<p style=\"text-align: justify;\"><strong>SISTEMAS DE TUBOS SL<\/strong> \u00e9s una empresa instal\u00b7ladora de canonades de polietil\u00e8 (PEAD)\u00a0per a conduccions d&#8217;aigua a pressi\u00f3 en obres civils.<\/p>\n<p>Neix en 1995 com a pioner i especialista en la instal\u00b7laci\u00f3 de canonades de\u00a0PEAD, des de la m\u00e9s alta exig\u00e8ncia de qualitat.<\/p>\n<p>[\/vc_column_text][\/vc_column][vc_column width=&#8221;7\/12&#8243;][vc_row_inner][vc_column_inner width=&#8221;1\/2&#8243;][vc_single_image image=&#8221;75613&#8243; img_size=&#8221;full&#8221;][\/vc_column_inner][vc_column_inner width=&#8221;1\/2&#8243;][vc_single_image image=&#8221;75616&#8243; img_size=&#8221;full&#8221;][\/vc_column_inner][\/vc_row_inner][\/vc_column][\/vc_row][vc_row css=&#8221;.vc_custom_1678693754417{padding-top: 70px !important;padding-bottom: 70px !important;background-color: #f6f6f6 !important;}&#8221;][vc_column width=&#8221;1\/3&#8243;][vc_single_image image=&#8221;75235&#8243; img_size=&#8221;full&#8221; alignment=&#8221;center&#8221; css=&#8221;.vc_custom_1678694050544{padding-bottom: 40px !important;}&#8221;][vc_custom_heading text=&#8221;Experts comercials&#8221; font_container=&#8221;tag:h3|font_size:16px|text_align:center&#8221;][vc_column_text]<\/p>\n<p style=\"text-align: center;\">Posarem a la teva disposici\u00f3 un expert comercial que ajudar\u00e0 a desenvolupar el teu projecte<\/p>\n<p>[\/vc_column_text][\/vc_column][vc_column width=&#8221;1\/3&#8243;][vc_single_image image=&#8221;75232&#8243; img_size=&#8221;full&#8221; alignment=&#8221;center&#8221; css=&#8221;.vc_custom_1678693825013{padding-bottom: 40px !important;}&#8221;][vc_custom_heading text=&#8221;Qualitat per excel\u00b7l\u00e8ncia&#8221; font_container=&#8221;tag:h3|font_size:16px|text_align:center&#8221;][vc_column_text]<\/p>\n<p style=\"text-align: center;\">El nostre objectiu \u00e9s el d&#8217;oferir solucions satisfact\u00f2ries en l&#8217;\u00e0mbit de canonades de\u00a0PEAD<\/p>\n<p>[\/vc_column_text][\/vc_column][vc_column width=&#8221;1\/3&#8243;][vc_single_image image=&#8221;75235&#8243; img_size=&#8221;full&#8221; alignment=&#8221;center&#8221; css=&#8221;.vc_custom_1678694195097{padding-bottom: 40px !important;}&#8221;][vc_custom_heading text=&#8221;Internacionalitzaci\u00f3&#8221; font_container=&#8221;tag:h3|font_size:16px|text_align:center&#8221;][vc_column_text]<\/p>\n<p style=\"text-align: center;\">Realitzem instal\u00b7lacions i col\u00b7laborem en projectes complexos, en entorns multiculturals en angl\u00e8s i franc\u00e8s<\/p>\n<p>[\/vc_column_text][\/vc_column][\/vc_row][vc_row type=&#8221;full_width&#8221; el_id=&#8221;leading&#8221;][vc_column width=&#8221;1\/2&#8243; css=&#8221;.vc_custom_1681732127448{margin-bottom: 15px !important;background-position: center !important;background-repeat: no-repeat !important;background-size: cover !important;}&#8221;][vc_single_image image=&#8221;76210&#8243; img_size=&#8221;1000&#215;600&#8243;][\/vc_column][vc_column width=&#8221;1\/2&#8243; css=&#8221;.vc_custom_1681802938327{margin-bottom: 15px !important;padding-right: 15% !important;padding-left: 15% !important;}&#8221;][vc_empty_space height=&#8221;70&#8243;][vc_custom_heading text=&#8221;Projectes amb un alt nivell de qualitat&#8221; font_container=&#8221;tag:h2|font_size:36px|text_align:left|color:%23142b8a&#8221;][vc_column_text el_class=&#8221;home8_whychooseus_text&#8221;]<\/p>\n<p style=\"text-align: justify;\">La direcci\u00f3 de <strong>SISTEMAS DE TUBOS<\/strong> considera com a principis b\u00e0sics de la seva gesti\u00f3, la realitzaci\u00f3 de les seves activitats amb un alt nivell de qualitat, que permeti assegurar l&#8217;obtenci\u00f3 de\u00a0 resultats segons les necessitats del client.<\/p>\n<p>La Pol\u00edtica de Qualitat de <strong>SISTEMAS DE TUBOS<\/strong> es fonamenta en els seg\u00fcents principis:<\/p>\n<ul>\n<li style=\"text-align: justify;\">Lideratge<\/li>\n<li style=\"text-align: justify;\">Satisfacci\u00f3 al client<\/li>\n<li style=\"text-align: justify;\">Millora cont\u00ednua<\/li>\n<li style=\"text-align: justify;\">Desenvolupament personal<\/li>\n<li style=\"text-align: justify;\">Comunicaci\u00f3<\/li>\n<li style=\"text-align: justify;\">Medi ambient<\/li>\n<\/ul>\n<p>[\/vc_column_text][vc_btn title=&#8221;Descobreix la nostra pol\u00edtica de qualitat&#8221; style=&#8221;outline&#8221; shape=&#8221;square&#8221; color=&#8221;black&#8221; align=&#8221;center&#8221; el_class=&#8221;tm-btn1&#8243; link=&#8221;url:https%3A%2F%2Fsistemasdetubos.com%2Fpolitica-de-calidad%2F|title:Pol%C3%ADtica%20de%20calidad&#8221;][\/vc_column][\/vc_row][vc_row el_class=&#8221;align-center services services-2&#8243; css=&#8221;.vc_custom_1678704703939{padding-top: 50px !important;padding-right: 45px !important;padding-bottom: 30px !important;padding-left: 45px !important;}&#8221;][vc_column][vc_custom_heading text=&#8221;Donem servei a clients nacionals i internacionals&#8221; font_container=&#8221;tag:h2|font_size:16|text_align:center|color:%23142b8a&#8221;][vc_custom_heading text=&#8221;Internacionalizaci\u00f3&#8221; font_container=&#8221;tag:h2|font_size:48|text_align:center|color:%23000000&#8243;][vc_custom_heading text=&#8221;Descobreix tots els nostres projectes&#8221; font_container=&#8221;tag:p|text_align:center|color:%23999999&#8243; el_class=&#8221;mw600&#8243; css=&#8221;.vc_custom_1682324205634{padding-bottom: 50px !important;}&#8221;][vc_row_inner][vc_column_inner][vc_single_image image=&#8221;74512&#8243; img_size=&#8221;full&#8221; alignment=&#8221;center&#8221;][\/vc_column_inner][\/vc_row_inner][\/vc_column][\/vc_row][vc_row css=&#8221;.vc_custom_1678707559565{padding-bottom: 20px !important;}&#8221;][vc_column width=&#8221;1\/3&#8243;][vc_tta_accordion style=&#8221;modern&#8221; color=&#8221;white&#8221; active_section=&#8221;1&#8243; no_fill=&#8221;true&#8221; collapsible_all=&#8221;true&#8221;][vc_tta_section title=&#8221;El Marroc&#8221; tab_id=&#8221;1678706407065-24799b4c-9c1e&#8221;][vc_column_text]<\/p>\n<p style=\"text-align: justify;\">2008: xarxa contra incendis en\u00a0PEAD\u00a0de la planta solar de\u00a0Ain\u00a0Benni\u00a0Mathar, el Marroc.<\/p>\n<p>2008: xarxa contra incendis en\u00a0PEAD\u00a0de la planta solar de\u00a0Ouarzazate, el Marroc<\/p>\n<p>2012: xarxa contra incendis en\u00a0PEAD\u00a0per a la f\u00e0brica DELPHI, en\u00a0Kenitra, el Marroc<\/p>\n<p>2012: xarxa contra incendis en\u00a0PEAD\u00a0per a la f\u00e0brica\u00a0LEAR, en\u00a0Kenitra, el Marroc<\/p>\n<p>[\/vc_column_text][\/vc_tta_section][vc_tta_section title=&#8221;Tun\u00edsia&#8221; tab_id=&#8221;1678706407085-c3d400a9-2f6a&#8221;][vc_column_text]<\/p>\n<p style=\"text-align: justify;\">2016: Emissari Submar\u00ed en\u00a0PEAD\u00a0per a la dessaladora de\u00a0Djerba, Tun\u00edsia.<\/p>\n<p>2017: filtres de sorra basats en canonades de\u00a0PEAD\u00a0per a la dessaladora de\u00a0Djerba, Tun\u00edsia.<\/p>\n<p>2017: canalitzacions interiors en\u00a0PEAD\u00a0per a la dessaladora de\u00a0Djerba, Tun\u00edsia<\/p>\n<p>[\/vc_column_text][\/vc_tta_section][vc_tta_section title=&#8221;Maurit\u00e0nia&#8221; tab_id=&#8221;1678707098014-c8e0784a-8813&#8243;][vc_column_text]<\/p>\n<p style=\"text-align: justify;\">2013: canonades de\u00a0PEAD\u00a0per a complex miner d&#8217;extracci\u00f3 de ferro en\u00a0Zouerat, Maurit\u00e0nia<\/p>\n<p>[\/vc_column_text][\/vc_tta_section][vc_tta_section title=&#8221;Egipte&#8221; tab_id=&#8221;1678707119549-55573550-0ba1&#8243;][vc_column_text]<\/p>\n<p style=\"text-align: justify;\">2018: filtres de sorra basats en canonades de\u00a0PEAD\u00a0per a la dessaladora del\u00a0Alamein, Egipte. Projecte realitzat en\u00a0Hebei\u00a0Province, la Xina<\/p>\n<p>[\/vc_column_text][\/vc_tta_section][vc_tta_section title=&#8221;Guinea Equatorial&#8221; tab_id=&#8221;1678707148605-a4d9d91b-5551&#8243;][vc_column_text]<\/p>\n<p style=\"text-align: justify;\">2016: canonades de\u00a0PEAD\u00a0per a prove\u00efment d&#8217;aigua potable en\u00a0Ayene. Guinea Equatorial<\/p>\n<p>[\/vc_column_text][\/vc_tta_section][\/vc_tta_accordion][\/vc_column][vc_column width=&#8221;1\/3&#8243;][vc_tta_accordion style=&#8221;modern&#8221; color=&#8221;white&#8221; active_section=&#8221;1&#8243; no_fill=&#8221;true&#8221; collapsible_all=&#8221;true&#8221;][vc_tta_section title=&#8221;Guinea Corakry&#8221; tab_id=&#8221;1678706955148-c0416096-624a&#8221;][vc_column_text]<\/p>\n<p style=\"text-align: justify;\">2018: canonades de\u00a0PEAD\u00a0per a complex miner d&#8217;extracci\u00f3 de bauxita en\u00a0Parawi, Guinea Conakry, per a\u00a0CBG<\/p>\n<p>[\/vc_column_text][\/vc_tta_section][vc_tta_section title=&#8221;Turquia&#8221; tab_id=&#8221;1678706955186-0c247110-8f33&#8243;][vc_column_text]<\/p>\n<p style=\"text-align: justify;\">2010: xarxa contra incendis en\u00a0PEAD\u00a0per a la Gas\u00a0Compressor\u00a0Station\u00a0(BOTES) en\u00a0Erzincan, Turquia<\/p>\n<p>[\/vc_column_text][\/vc_tta_section][vc_tta_section title=&#8221;Rep\u00fablica Dominicana&#8221; tab_id=&#8221;1678707224069-b6143eee-42ce&#8221;][vc_column_text]<\/p>\n<p style=\"text-align: justify;\">2004: Xarxa contra incendis de RON BARCEL\u00d3, Sant Pere de\u00a0Macor\u00eds, Rep\u00fablica Dominicana<\/p>\n<p>[\/vc_column_text][\/vc_tta_section][vc_tta_section title=&#8221;Cuba&#8221; tab_id=&#8221;1678707273768-63574673-04b2&#8243;][vc_column_text]<\/p>\n<p style=\"text-align: justify;\">1999-2000: Subministrament de canonada de\u00a0PEAD\u00a0per a comunitats rurals, programa afavorit pel Banc Mundial<\/p>\n<p>[\/vc_column_text][\/vc_tta_section][vc_tta_section title=&#8221;Romania&#8221; tab_id=&#8221;1678707309302-93123502-4f5d&#8221;][vc_column_text]<\/p>\n<p style=\"text-align: justify;\">2010: xarxa contra incendis en\u00a0PEAD\u00a0per a la f\u00e0brica FORD, en\u00a0Craiova, Romania<\/p>\n<p>2011: canonades de\u00a0PEAD\u00a0per a la\u00a0EDAR\u00a0de\u00a0Zimnicea, Romania<\/p>\n<p>[\/vc_column_text][\/vc_tta_section][\/vc_tta_accordion][\/vc_column][vc_column width=&#8221;1\/3&#8243;][vc_tta_accordion style=&#8221;modern&#8221; color=&#8221;white&#8221; active_section=&#8221;1&#8243; no_fill=&#8221;true&#8221; collapsible_all=&#8221;true&#8221;][vc_tta_section title=&#8221;Dubai&#8221; tab_id=&#8221;1678706996728-e04869a7-94c8&#8243;][vc_column_text]<\/p>\n<p style=\"text-align: justify;\">2015: Conjunt de canonades i accessoris de\u00a0PEAD\u00a0per a sistema de fonts de l&#8217;A el\u00a0Habtoor\u00a0Theater, Dubai<\/p>\n<p>[\/vc_column_text][\/vc_tta_section][vc_tta_section title=&#8221;El Pakistan&#8221; tab_id=&#8221;1678706996768-c9c1a5b3-d9a6&#8243;][vc_column_text]<\/p>\n<p style=\"text-align: justify;\">2016: canonades de\u00a0PEAD\u00a0per a refrigeraci\u00f3 de\u00a0fingers, aeroport d&#8217;Islamabad, el Pakistan<\/p>\n<p>[\/vc_column_text][\/vc_tta_section][vc_tta_section title=&#8221;Fran\u00e7a&#8221; tab_id=&#8221;1678707418687-d69f7428-b049&#8243;][vc_column_text]<\/p>\n<p style=\"text-align: justify;\">2016: canonades de PEAD i PP per a la ETAP de Sant-Germain-en-Laye, Par\u00eds, Fran\u00e7a<\/p>\n<p>[\/vc_column_text][\/vc_tta_section][vc_tta_section title=&#8221;Andorra&#8221; tab_id=&#8221;1678707445005-e762197c-f35b&#8221;][\/vc_tta_section][vc_tta_section title=&#8221;China-Pek\u00edn&#8221; tab_id=&#8221;1678707461791-682ce81f-2673&#8243;][vc_column_text]<\/p>\n<p style=\"text-align: justify;\">2018: filtres de sorra basats en canonades de\u00a0PEAD\u00a0per a la dessaladora del\u00a0Alamein, Egipte. Projecte realitzat en\u00a0Hebei\u00a0Province, la Xina<\/p>\n<p>[\/vc_column_text][\/vc_tta_section][\/vc_tta_accordion][\/vc_column][\/vc_row][vc_row background_image=&#8221;https:\/\/structure.thememove.com\/data\/images\/background02.jpg&#8221; css=&#8221;.vc_custom_1678710053886{padding-top: 50px !important;padding-right: 45px !important;padding-bottom: 30px !important;padding-left: 45px !important;}&#8221; el_class=&#8221;align-center services services-2&#8243;][vc_column][vc_custom_heading text=&#8221;Equip de professionals al teu servei&#8221; font_container=&#8221;tag:h2|font_size:16|text_align:center|color:%23142b8a&#8221;][vc_custom_heading text=&#8221;Els nostres serveis&#8221; font_container=&#8221;tag:h2|font_size:48|text_align:center|color:%23000000&#8243;][vc_custom_heading text=&#8221;Descobreix tots els serveis que ofereix Sistemas de Tubos&#8221; font_container=&#8221;tag:p|text_align:center|color:%23999999&#8243; el_class=&#8221;mw600&#8243; css=&#8221;.vc_custom_1682325275882{padding-bottom: 50px !important;}&#8221;][vc_row_inner el_class=&#8221;pro-services&#8221; css=&#8221;.vc_custom_1678700846830{padding-bottom: 30px !important;}&#8221;][vc_column_inner width=&#8221;1\/3&#8243;][vc_single_image image=&#8221;75648&#8243; img_size=&#8221;full&#8221; alignment=&#8221;center&#8221;][vc_icon icon_fontawesome=&#8221;fas fa-water&#8221; color=&#8221;white&#8221; link=&#8221;url:https%3A%2F%2Fsistemasdetubos.com%2F%3Fpage_id%3D75599|title:Quienes%20somos&#8221;][vc_custom_heading text=&#8221;INSTAL\u00b7LACIONS HIDR\u00c0ULIQUES&#8221; font_container=&#8221;tag:h4|text_align:center|color:%23000000&#8243; css=&#8221;.vc_custom_1682325288885{padding-top: 40px !important;padding-bottom: 20px !important;background-color: #f6f6f6 !important;}&#8221; link=&#8221;url:https%3A%2F%2Fsistemasdetubos.com%2F%3Fpage_id%3D75599|title:Quienes%20somos&#8221;][\/vc_column_inner][vc_column_inner width=&#8221;1\/3&#8243;][vc_single_image image=&#8221;75649&#8243; img_size=&#8221;full&#8221; alignment=&#8221;center&#8221;][vc_icon icon_fontawesome=&#8221;far fa-circle&#8221; color=&#8221;white&#8221;][vc_custom_heading text=&#8221;GRANS DI\u00c0METRES&#8221; font_container=&#8221;tag:h4|text_align:center|color:%23000000&#8243; css=&#8221;.vc_custom_1682325300208{padding-top: 40px !important;padding-bottom: 20px !important;background-color: #f6f6f6 !important;}&#8221;][\/vc_column_inner][vc_column_inner width=&#8221;1\/3&#8243;][vc_single_image image=&#8221;75650&#8243; img_size=&#8221;full&#8221;][vc_icon icon_fontawesome=&#8221;fab fa-opencart&#8221; color=&#8221;white&#8221;][vc_custom_heading text=&#8221;EMISSARIS SUBMARINS&#8221; font_container=&#8221;tag:h4|text_align:center|color:%23000000&#8243; css=&#8221;.vc_custom_1682325314733{padding-top: 40px !important;padding-bottom: 20px !important;background-color: #f6f6f6 !important;}&#8221;][\/vc_column_inner][\/vc_row_inner][vc_row_inner][vc_column_inner][vc_btn title=&#8221;Descobreix tots els nostres serveis&#8221; style=&#8221;outline&#8221; shape=&#8221;square&#8221; color=&#8221;black&#8221; align=&#8221;center&#8221; el_class=&#8221;tm-btn1&#8243; link=&#8221;url:https%3A%2F%2Fsistemasdetubos.com%2Fservicios2%2F|title:Servicios&#8221;][\/vc_column_inner][\/vc_row_inner][\/vc_column][\/vc_row]<\/p>\n<\/section>","protected":false},"excerpt":{"rendered":"<p>[vc_row css=&#8221;.vc_custom_1678704780490{padding-top: 60px !important;padding-bottom: 80px !important;}&#8221;][vc_column width=&#8221;5\/12&#8243; css=&#8221;.vc_custom_1678693422567{padding-top: 20px !important;}&#8221;][vc_custom_heading text=&#8221;La nostra preocupaci\u00f3, els nostres clients.&#8221; font_container=&#8221;tag:h2|font_size:36px|text_align:left&#8221; el_class=&#8221;special&#8221;][vc_custom_heading text=&#8221;A Sistemas de Tubos estem compromesos amb els projectes dels nostres clients i busquem la seva total satisfacci\u00f3 en cadascun d&#8217;ells.&#8221; font_container=&#8221;tag:p|font_size:18px|text_align:left&#8221;][vc_custom_heading text=&#8221;A Sistemas de Tubos estem compromesos amb els projectes dels nostres clients i busquem la [&hellip;]<\/p>\n","protected":false},"author":1,"featured_media":0,"parent":0,"menu_order":0,"comment_status":"closed","ping_status":"closed","template":"","meta":{"footnotes":""},"class_list":["post-76791","page","type-page","status-publish","hentry"],"aioseo_notices":[],"_links":{"self":[{"href":"https:\/\/sistemasdetubos.com\/ca\/wp-json\/wp\/v2\/pages\/76791","targetHints":{"allow":["GET"]}}],"collection":[{"href":"https:\/\/sistemasdetubos.com\/ca\/wp-json\/wp\/v2\/pages"}],"about":[{"href":"https:\/\/sistemasdetubos.com\/ca\/wp-json\/wp\/v2\/types\/page"}],"author":[{"embeddable":true,"href":"https:\/\/sistemasdetubos.com\/ca\/wp-json\/wp\/v2\/users\/1"}],"replies":[{"embeddable":true,"href":"https:\/\/sistemasdetubos.com\/ca\/wp-json\/wp\/v2\/comments?post=76791"}],"version-history":[{"count":4,"href":"https:\/\/sistemasdetubos.com\/ca\/wp-json\/wp\/v2\/pages\/76791\/revisions"}],"predecessor-version":[{"id":77625,"href":"https:\/\/sistemasdetubos.com\/ca\/wp-json\/wp\/v2\/pages\/76791\/revisions\/77625"}],"wp:attachment":[{"href":"https:\/\/sistemasdetubos.com\/ca\/wp-json\/wp\/v2\/media?parent=76791"}],"curies":[{"name":"wp","href":"https:\/\/api.w.org\/{rel}","templated":true}]}}