{"id":76788,"date":"2023-03-15T08:51:14","date_gmt":"2023-03-15T07:51:14","guid":{"rendered":"https:\/\/sistemasdetubos.com\/servicios\/alquiler-de-maquinaria\/"},"modified":"2023-04-27T22:37:37","modified_gmt":"2023-04-27T20:37:37","slug":"lloguer-de-maquinaria","status":"publish","type":"page","link":"https:\/\/sistemasdetubos.com\/ca\/serveis\/lloguer-de-maquinaria\/","title":{"rendered":"Lloguer de maquin\u00e0ria"},"content":{"rendered":"<section class=\"wpb-content-wrapper\"><p>[vc_row css=&#8221;.vc_custom_1678704780490{padding-top: 60px !important;padding-bottom: 80px !important;}&#8221;][vc_column width=&#8221;5\/12&#8243; css=&#8221;.vc_custom_1678693422567{padding-top: 20px !important;}&#8221;][vc_custom_heading text=&#8221;Qu\u00e8 <em>oferim?<\/em>&#8221; font_container=&#8221;tag:h2|font_size:36px|text_align:left&#8221; el_class=&#8221;special&#8221;][vc_column_text]<\/p>\n<p style=\"text-align: justify;\">Com a complement a la nostra activitat principal SISTEMES DE TUBS inclou en els seus serveis el lloguer de m\u00e0quines de soldar.<\/p>\n<p>Disposem de m\u00e9s de 100 m\u00e0quines de soldar entre fusi\u00f3 de gom a gom, fusi\u00f3\u00a0socket\u00a0i\u00a0electrofusi\u00f3n, abastant des del\u00a0\u00d820\u00a0fins a\u00a0\u00d81200, perfectament equipades i incloent la possibilitat de m\u00f2duls\u00a0LDU\u00a0per a registre i tra\u00e7abilitat en les soldadures. El nostre servei t\u00e8cnic revisa i calibra cada m\u00e0quina abans i despr\u00e9s dels lliuraments per a assegurar sempre un perfecte estat de funcionament.<\/p>\n<p>[\/vc_column_text][\/vc_column][vc_column width=&#8221;7\/12&#8243;][vc_row_inner][vc_column_inner][vc_single_image image=&#8221;75848&#8243; img_size=&#8221;full&#8221;][\/vc_column_inner][\/vc_row_inner][\/vc_column][\/vc_row][vc_row type=&#8221;full_width&#8221; css=&#8221;.vc_custom_1681802771948{background-color: #f7f7f7 !important;background-position: center !important;background-repeat: no-repeat !important;background-size: cover !important;}&#8221; el_id=&#8221;leading&#8221;][vc_column width=&#8221;1\/2&#8243; css=&#8221;.vc_custom_1681714877021{margin-bottom: 15px !important;background-position: center !important;background-repeat: no-repeat !important;background-size: cover !important;}&#8221;][vc_single_image image=&#8221;76185&#8243; img_size=&#8221;1000&#215;700&#8243;][\/vc_column][vc_column width=&#8221;1\/2&#8243; css=&#8221;.vc_custom_1681714821047{padding-left: 15% !important;}&#8221;][vc_empty_space height=&#8221;50px&#8221;][vc_custom_heading text=&#8221;Ampli cat\u00e0leg de productes&#8221; font_container=&#8221;tag:h2|font_size:36px|text_align:left|color:%23002d90&#8243;][vc_column_text el_class=&#8221;home8_whychooseus_text&#8221;]Contacti amb el nostre departament comercial per a disposar de pressupost i disponibilitat.<\/p>\n<ul>\n<li>M\u00e0quina de soldar de gom a gom\u00a0DN\u00a01200, amb anells de reducci\u00f3 a 1000-900-800<\/li>\n<li>M\u00e0quines de soldar de gom a gom\u00a0DN\u00a01000, amb anells de reducci\u00f3 a 900-800-710-630<\/li>\n<li>M\u00e0quines de soldar de gom a gom\u00a0DN\u00a0800, amb anells de reducci\u00f3 a 710-630-560-500<\/li>\n<li>M\u00e0quines de soldar de gom a gom\u00a0DN\u00a0630, amb anells de reducci\u00f3 a 560-500-450-400-355-315<\/li>\n<li>M\u00e0quines de soldar de gom a gom\u00a0DN\u00a0500, amb anells de reducci\u00f3 a 450-400-355-315-280-250<\/li>\n<li>M\u00e0quines de soldar de gom a gom\u00a0DN\u00a0355, amb anells de reducci\u00f3 a 315-280-250-225-200<\/li>\n<li>M\u00e0quines de soldar de gom a gom\u00a0DN\u00a0315, amb anells de reducci\u00f3 a 280-250-225-200-180-160-140-125-110-90<\/li>\n<li>M\u00e0quines de soldar de gom a gom\u00a0DN\u00a0250, amb anells de reducci\u00f3 a 225-200-180-160-140-125-110-90-75-63<\/li>\n<li>M\u00e0quines de soldar de gom a gom\u00a0DN\u00a0200, amb anells de reducci\u00f3 a 180-160-140-125-110-90-75-63<\/li>\n<li>M\u00e0quines de soldar de gom a gom\u00a0DN\u00a0160, amb anells de reducci\u00f3 a 140-125-110-90-75-63-50-40<\/li>\n<li>M\u00e0quines de soldar de gom a gom\u00a0DN\u00a0110, amb anells de reducci\u00f3 a 90-75-63-50-40-32-25<\/li>\n<li>M\u00e0quines de\u00a0electrofusi\u00f3n\u00a0multivoltatge (maniguets fins a di\u00e0metre 1200)<\/li>\n<li>M\u00e0quines de\u00a0electrofusi\u00f3n\u00a0multivoltatge (maniguets fins a di\u00e0metre 315)<\/li>\n<li>M\u00e0quines de soldar empelts (gran di\u00e0metre) en obra, amb possibilitat de sortides a 315-250-200<\/li>\n<li>M\u00e0quines de soldar empelts (petit di\u00e0metre) en obra, amb possibilitat de sortides a 160-125-110-90-63<\/li>\n<li>Extrusores de fil<\/li>\n<li>Grups electr\u00f2gens fins a\u00a05Kva,\u00a012Kva\u00a0i\u00a030Kva<\/li>\n<li>Grups hidr\u00e0ulics per a proves de pressi\u00f3<\/li>\n<\/ul>\n<p>[\/vc_column_text][\/vc_column][\/vc_row][vc_row css=&#8221;.vc_custom_1679052275055{padding-top: 50px !important;padding-right: 45px !important;padding-bottom: 30px !important;padding-left: 45px !important;}&#8221; el_class=&#8221;align-center services services-2&#8243;][vc_column][vc_empty_space height=&#8221;40px&#8221;][vc_custom_heading text=&#8221;Descobreix la resta de serveis&#8221; font_container=&#8221;tag:h2|font_size:48|text_align:center|color:%23000000&#8243;][vc_custom_heading text=&#8221;Equip de professionals al teu servei&#8221; font_container=&#8221;tag:h2|font_size:16px|text_align:center|color:%23002d90&#8243; el_class=&#8221;mw600&#8243; css=&#8221;.vc_custom_1682322902472{padding-bottom: 50px !important;}&#8221;][vc_empty_space height=&#8221;40px&#8221;][vc_row_inner el_class=&#8221;pro-services&#8221; css=&#8221;.vc_custom_1678700846830{padding-bottom: 30px !important;}&#8221;][vc_column_inner width=&#8221;1\/3&#8243;][vc_single_image image=&#8221;75648&#8243; img_size=&#8221;full&#8221; alignment=&#8221;center&#8221;][vc_icon icon_fontawesome=&#8221;fas fa-water&#8221; color=&#8221;white&#8221;][vc_custom_heading text=&#8221;INSTAL\u00b7LACIONS HIDR\u00c0ULIQUES&#8221; font_container=&#8221;tag:h4|text_align:center|color:%23000000&#8243; css=&#8221;.vc_custom_1682415700425{padding-top: 40px !important;padding-bottom: 20px !important;background-color: #f6f6f6 !important;}&#8221; link=&#8221;url:https%3A%2F%2Fsistemasdetubos.com%2Fca%2Fserveis%2Finstalacions-hidrauliques%2F|title:Quienes%20somos&#8221;][\/vc_column_inner][vc_column_inner width=&#8221;1\/3&#8243;][vc_single_image image=&#8221;75649&#8243; img_size=&#8221;full&#8221; alignment=&#8221;center&#8221;][vc_icon icon_fontawesome=&#8221;far fa-circle&#8221; color=&#8221;white&#8221;][vc_custom_heading text=&#8221;GRANS DI\u00c0METRES&#8221; font_container=&#8221;tag:h4|text_align:center|color:%23000000&#8243; css=&#8221;.vc_custom_1682415708441{padding-top: 40px !important;padding-bottom: 20px !important;background-color: #f6f6f6 !important;}&#8221; link=&#8221;url:https%3A%2F%2Fsistemasdetubos.com%2Fca%2Fserveis%2Fgrans-diametres%2F|title:Grandes%20di%C3%A1metros&#8221;][\/vc_column_inner][vc_column_inner width=&#8221;1\/3&#8243;][vc_single_image image=&#8221;75650&#8243; img_size=&#8221;full&#8221;][vc_icon icon_fontawesome=&#8221;fab fa-opencart&#8221; color=&#8221;white&#8221;][vc_custom_heading text=&#8221;EMISSARIS SUBMARINS&#8221; font_container=&#8221;tag:h4|text_align:center|color:%23000000&#8243; css=&#8221;.vc_custom_1682415716337{padding-top: 40px !important;padding-bottom: 20px !important;background-color: #f6f6f6 !important;}&#8221; link=&#8221;url:https%3A%2F%2Fsistemasdetubos.com%2Fca%2Fserveis%2Femissaris-submarins%2F|title:Emisarios%20submarinos&#8221;][\/vc_column_inner][\/vc_row_inner][vc_row_inner][vc_column_inner][vc_empty_space][vc_btn title=&#8221;Descobreix tots els nostres serveis&#8221; style=&#8221;outline&#8221; shape=&#8221;square&#8221; color=&#8221;black&#8221; align=&#8221;center&#8221; el_class=&#8221;tm-btn1&#8243; link=&#8221;url:https%3A%2F%2Fsistemasdetubos.com%2Fca%2Fserveis%2F|title:Servicios&#8221;][\/vc_column_inner][\/vc_row_inner][\/vc_column][\/vc_row]<\/p>\n<\/section>","protected":false},"excerpt":{"rendered":"<p>[vc_row css=&#8221;.vc_custom_1678704780490{padding-top: 60px !important;padding-bottom: 80px !important;}&#8221;][vc_column width=&#8221;5\/12&#8243; css=&#8221;.vc_custom_1678693422567{padding-top: 20px !important;}&#8221;][vc_custom_heading text=&#8221;Qu\u00e8 oferim?&#8221; font_container=&#8221;tag:h2|font_size:36px|text_align:left&#8221; el_class=&#8221;special&#8221;][vc_column_text] Com a complement a la nostra activitat principal SISTEMES DE TUBS inclou en els seus serveis el lloguer de m\u00e0quines de soldar. Disposem de m\u00e9s de 100 m\u00e0quines de soldar entre fusi\u00f3 de gom a gom, fusi\u00f3\u00a0socket\u00a0i\u00a0electrofusi\u00f3n, abastant des del\u00a0\u00d820\u00a0fins a\u00a0\u00d81200, [&hellip;]<\/p>\n","protected":false},"author":1,"featured_media":0,"parent":76763,"menu_order":0,"comment_status":"closed","ping_status":"closed","template":"","meta":{"footnotes":""},"class_list":["post-76788","page","type-page","status-publish","hentry"],"aioseo_notices":[],"_links":{"self":[{"href":"https:\/\/sistemasdetubos.com\/ca\/wp-json\/wp\/v2\/pages\/76788","targetHints":{"allow":["GET"]}}],"collection":[{"href":"https:\/\/sistemasdetubos.com\/ca\/wp-json\/wp\/v2\/pages"}],"about":[{"href":"https:\/\/sistemasdetubos.com\/ca\/wp-json\/wp\/v2\/types\/page"}],"author":[{"embeddable":true,"href":"https:\/\/sistemasdetubos.com\/ca\/wp-json\/wp\/v2\/users\/1"}],"replies":[{"embeddable":true,"href":"https:\/\/sistemasdetubos.com\/ca\/wp-json\/wp\/v2\/comments?post=76788"}],"version-history":[{"count":3,"href":"https:\/\/sistemasdetubos.com\/ca\/wp-json\/wp\/v2\/pages\/76788\/revisions"}],"predecessor-version":[{"id":76871,"href":"https:\/\/sistemasdetubos.com\/ca\/wp-json\/wp\/v2\/pages\/76788\/revisions\/76871"}],"up":[{"embeddable":true,"href":"https:\/\/sistemasdetubos.com\/ca\/wp-json\/wp\/v2\/pages\/76763"}],"wp:attachment":[{"href":"https:\/\/sistemasdetubos.com\/ca\/wp-json\/wp\/v2\/media?parent=76788"}],"curies":[{"name":"wp","href":"https:\/\/api.w.org\/{rel}","templated":true}]}}