{"id":76781,"date":"2023-03-15T08:50:26","date_gmt":"2023-03-15T07:50:26","guid":{"rendered":"https:\/\/sistemasdetubos.com\/servicios\/industria-e-instalaciones-especiales\/"},"modified":"2023-04-25T11:39:32","modified_gmt":"2023-04-25T09:39:32","slug":"industria-i-instal%c2%b7lacions-especials","status":"publish","type":"page","link":"https:\/\/sistemasdetubos.com\/ca\/serveis\/industria-i-instal%c2%b7lacions-especials\/","title":{"rendered":"Ind\u00fastria i instal\u00b7lacions especials"},"content":{"rendered":"<section class=\"wpb-content-wrapper\"><p>[vc_row css=&#8221;.vc_custom_1678704780490{padding-top: 60px !important;padding-bottom: 80px !important;}&#8221;][vc_column width=&#8221;5\/12&#8243; css=&#8221;.vc_custom_1678693422567{padding-top: 20px !important;}&#8221;][vc_custom_heading text=&#8221;Qu\u00e8 <em>oferim?<\/em>&#8221; font_container=&#8221;tag:h2|font_size:36px|text_align:left&#8221; el_class=&#8221;special&#8221;][vc_column_text]<\/p>\n<p style=\"text-align: justify;\">Instal\u00b7lacions industrials per a aig\u00fces de proc\u00e9s, fluids agressius o amb altes temperatures mitjan\u00e7ant canonades termopl\u00e0stiques.<\/p>\n<p>Els sistemes de canonades i accessoris que utilitzem s\u00f3n\u00a0PEAD\u00a0(polietil\u00e8 d&#8217;alta densitat),\u00a0PPH\u00a0(polipropil\u00e8 homopol\u00edmer), PPR (polipropil\u00e8\u00a0random),\u00a0PVDF\u00a0(fluorur de\u00a0polivinilideno)\u00a0i\u00a0PB\u00a0(polibutil\u00e8)<\/p>\n<p>[\/vc_column_text][\/vc_column][vc_column width=&#8221;7\/12&#8243;][vc_row_inner][vc_column_inner][vc_single_image image=&#8221;75826&#8243; img_size=&#8221;full&#8221; alignment=&#8221;right&#8221;][\/vc_column_inner][\/vc_row_inner][\/vc_column][\/vc_row][vc_row type=&#8221;full_width&#8221; css=&#8221;.vc_custom_1681802284193{background-color: #f7f7f7 !important;}&#8221; el_id=&#8221;leading&#8221;][vc_column width=&#8221;1\/2&#8243; css=&#8221;.vc_custom_1678694711473{margin-bottom: 15px !important;}&#8221;][vc_single_image image=&#8221;75836&#8243; img_size=&#8221;1000&#215;500&#8243;][\/vc_column][vc_column width=&#8221;1\/2&#8243; css=&#8221;.vc_custom_1681203853774{margin-bottom: 15px !important;padding-right: 15% !important;padding-left: 15% !important;}&#8221;][vc_empty_space height=&#8221;60px&#8221;][vc_custom_heading text=&#8221;Tipologia de projectes:&#8221; font_container=&#8221;tag:h2|font_size:36px|text_align:left|color:%23002d90&#8243;][vc_column_text el_class=&#8221;home8_whychooseus_text&#8221;]<\/p>\n<ul>\n<li style=\"text-align: justify;\">Aig\u00fces de proc\u00e9s<\/li>\n<li style=\"text-align: justify;\">Fluids especialment abrasius (salmorres, purins&#8230;)<\/li>\n<li style=\"text-align: justify;\">Fluids especialment agressius (\u00e0cids&#8230;)<\/li>\n<li style=\"text-align: justify;\">Fluids a altes temperatures<\/li>\n<li style=\"text-align: justify;\">Farm\u00e0cia: conductes en sales blanques, resistents a altes temperatures (higienizables\u00a0amb vapor) i aptes per a concentracions qu\u00edmiques agressives<\/li>\n<li style=\"text-align: justify;\">Climatitzaci\u00f3: canonades\u00a0preaisladas\u00a0enterrades de di\u00e0metres 160 i superiors, tant per a circuit de fred com de calor. Fabricaci\u00f3 de prea\u00efllaments a mesura<\/li>\n<\/ul>\n<p>[\/vc_column_text][\/vc_column][\/vc_row][vc_row type=&#8221;full_width&#8221;][vc_column][vc_empty_space][vc_images_carousel images=&#8221;75828,75829,75830,75831,75832,75833,75834,75835,75836,75837,75838,75839&#8243; img_size=&#8221;full&#8221; slides_per_view=&#8221;3&#8243;][\/vc_column][\/vc_row][vc_row css=&#8221;.vc_custom_1679045168473{padding-top: 50px !important;padding-right: 45px !important;padding-bottom: 30px !important;padding-left: 45px !important;}&#8221; el_class=&#8221;align-center services services-2&#8243;][vc_column][vc_empty_space height=&#8221;40px&#8221;][vc_custom_heading text=&#8221;Descobreix la resta de serveis&#8221; font_container=&#8221;tag:h2|font_size:48|text_align:center|color:%23000000&#8243;][vc_custom_heading text=&#8221;Equip de professionals al teu servei&#8221; font_container=&#8221;tag:h2|text_align:center|color:%23002d90&#8243; el_class=&#8221;mw600&#8243; css=&#8221;.vc_custom_1682322324137{padding-bottom: 50px !important;}&#8221;][vc_empty_space height=&#8221;30px&#8221;][vc_row_inner el_class=&#8221;pro-services&#8221; css=&#8221;.vc_custom_1678700846830{padding-bottom: 30px !important;}&#8221;][vc_column_inner width=&#8221;1\/3&#8243;][vc_single_image image=&#8221;75648&#8243; img_size=&#8221;full&#8221; alignment=&#8221;center&#8221;][vc_icon icon_fontawesome=&#8221;fas fa-water&#8221; color=&#8221;white&#8221;][vc_custom_heading text=&#8221;INSTAL\u00b7LACIONS HIDR\u00c0ULIQUES&#8221; font_container=&#8221;tag:h4|text_align:center|color:%23000000&#8243; css=&#8221;.vc_custom_1682415546051{padding-top: 40px !important;padding-bottom: 20px !important;background-color: #f6f6f6 !important;}&#8221; link=&#8221;url:https%3A%2F%2Fsistemasdetubos.com%2Fca%2Fserveis%2Finstalacions-hidrauliques%2F|title:Quienes%20somos&#8221;][\/vc_column_inner][vc_column_inner width=&#8221;1\/3&#8243;][vc_single_image image=&#8221;75649&#8243; img_size=&#8221;full&#8221; alignment=&#8221;center&#8221;][vc_icon icon_fontawesome=&#8221;far fa-circle&#8221; color=&#8221;white&#8221;][vc_custom_heading text=&#8221;GRANS DI\u00c0METRES&#8221; font_container=&#8221;tag:h4|text_align:center|color:%23000000&#8243; css=&#8221;.vc_custom_1682415554655{padding-top: 40px !important;padding-bottom: 20px !important;background-color: #f6f6f6 !important;}&#8221; link=&#8221;url:https%3A%2F%2Fsistemasdetubos.com%2Fca%2Fserveis%2Fgrans-diametres%2F|title:Grandes%20di%C3%A1metros&#8221;][\/vc_column_inner][vc_column_inner width=&#8221;1\/3&#8243;][vc_single_image image=&#8221;75650&#8243; img_size=&#8221;full&#8221;][vc_icon icon_fontawesome=&#8221;fab fa-opencart&#8221; color=&#8221;white&#8221;][vc_custom_heading text=&#8221;EMISSARIS SUBMARINS&#8221; font_container=&#8221;tag:h4|text_align:center|color:%23000000&#8243; css=&#8221;.vc_custom_1682415563103{padding-top: 40px !important;padding-bottom: 20px !important;background-color: #f6f6f6 !important;}&#8221; link=&#8221;url:https%3A%2F%2Fsistemasdetubos.com%2Fca%2Fserveis%2Femissaris-submarins%2F|title:Emisarios%20submarinos&#8221;][\/vc_column_inner][\/vc_row_inner][vc_row_inner][vc_column_inner][vc_empty_space][vc_btn title=&#8221;Descobreix tots els nostres serveis&#8221; style=&#8221;outline&#8221; shape=&#8221;square&#8221; color=&#8221;black&#8221; align=&#8221;center&#8221; el_class=&#8221;tm-btn1&#8243; link=&#8221;url:https%3A%2F%2Fsistemasdetubos.com%2Fca%2Fserveis%2F|title:Servicios&#8221;][\/vc_column_inner][\/vc_row_inner][\/vc_column][\/vc_row]<\/p>\n<\/section>","protected":false},"excerpt":{"rendered":"<p>[vc_row css=&#8221;.vc_custom_1678704780490{padding-top: 60px !important;padding-bottom: 80px !important;}&#8221;][vc_column width=&#8221;5\/12&#8243; css=&#8221;.vc_custom_1678693422567{padding-top: 20px !important;}&#8221;][vc_custom_heading text=&#8221;Qu\u00e8 oferim?&#8221; font_container=&#8221;tag:h2|font_size:36px|text_align:left&#8221; el_class=&#8221;special&#8221;][vc_column_text] Instal\u00b7lacions industrials per a aig\u00fces de proc\u00e9s, fluids agressius o amb altes temperatures mitjan\u00e7ant canonades termopl\u00e0stiques. Els sistemes de canonades i accessoris que utilitzem s\u00f3n\u00a0PEAD\u00a0(polietil\u00e8 d&#8217;alta densitat),\u00a0PPH\u00a0(polipropil\u00e8 homopol\u00edmer), PPR (polipropil\u00e8\u00a0random),\u00a0PVDF\u00a0(fluorur de\u00a0polivinilideno)\u00a0i\u00a0PB\u00a0(polibutil\u00e8) [\/vc_column_text][\/vc_column][vc_column width=&#8221;7\/12&#8243;][vc_row_inner][vc_column_inner][vc_single_image image=&#8221;75826&#8243; img_size=&#8221;full&#8221; alignment=&#8221;right&#8221;][\/vc_column_inner][\/vc_row_inner][\/vc_column][\/vc_row][vc_row type=&#8221;full_width&#8221; css=&#8221;.vc_custom_1681802284193{background-color: #f7f7f7 !important;}&#8221; el_id=&#8221;leading&#8221;][vc_column [&hellip;]<\/p>\n","protected":false},"author":1,"featured_media":0,"parent":76763,"menu_order":0,"comment_status":"closed","ping_status":"closed","template":"","meta":{"footnotes":""},"class_list":["post-76781","page","type-page","status-publish","hentry"],"aioseo_notices":[],"_links":{"self":[{"href":"https:\/\/sistemasdetubos.com\/ca\/wp-json\/wp\/v2\/pages\/76781","targetHints":{"allow":["GET"]}}],"collection":[{"href":"https:\/\/sistemasdetubos.com\/ca\/wp-json\/wp\/v2\/pages"}],"about":[{"href":"https:\/\/sistemasdetubos.com\/ca\/wp-json\/wp\/v2\/types\/page"}],"author":[{"embeddable":true,"href":"https:\/\/sistemasdetubos.com\/ca\/wp-json\/wp\/v2\/users\/1"}],"replies":[{"embeddable":true,"href":"https:\/\/sistemasdetubos.com\/ca\/wp-json\/wp\/v2\/comments?post=76781"}],"version-history":[{"count":4,"href":"https:\/\/sistemasdetubos.com\/ca\/wp-json\/wp\/v2\/pages\/76781\/revisions"}],"predecessor-version":[{"id":76869,"href":"https:\/\/sistemasdetubos.com\/ca\/wp-json\/wp\/v2\/pages\/76781\/revisions\/76869"}],"up":[{"embeddable":true,"href":"https:\/\/sistemasdetubos.com\/ca\/wp-json\/wp\/v2\/pages\/76763"}],"wp:attachment":[{"href":"https:\/\/sistemasdetubos.com\/ca\/wp-json\/wp\/v2\/media?parent=76781"}],"curies":[{"name":"wp","href":"https:\/\/api.w.org\/{rel}","templated":true}]}}