{"id":76777,"date":"2023-03-15T08:49:59","date_gmt":"2023-03-15T07:49:59","guid":{"rendered":"https:\/\/sistemasdetubos.com\/servicios\/vertederos-y-centros-de-tratamiento-de-residuos\/"},"modified":"2023-04-27T22:48:35","modified_gmt":"2023-04-27T20:48:35","slug":"abocadors-i-centres-de-tractament-de-residus","status":"publish","type":"page","link":"https:\/\/sistemasdetubos.com\/ca\/serveis\/abocadors-i-centres-de-tractament-de-residus\/","title":{"rendered":"Abocadors i centres de tractament de residus"},"content":{"rendered":"<section class=\"wpb-content-wrapper\"><p>[vc_row css=&#8221;.vc_custom_1680247115336{padding-bottom: 0px !important;}&#8221;][vc_column][vc_custom_heading text=&#8221;Qu\u00e8 <em>oferim?<\/em>&#8221; font_container=&#8221;tag:h2|font_size:36px|text_align:center&#8221; el_class=&#8221;special&#8221;][vc_custom_heading text=&#8221;M\u00e9s de 50 abocadors i 200 projectes realitzats&#8221; font_container=&#8221;tag:p|text_align:center|color:%23999999&#8243; el_class=&#8221;mw600&#8243; css=&#8221;.vc_custom_1682321678384{padding-bottom: 50px !important;}&#8221;][\/vc_column][\/vc_row][vc_row css=&#8221;.vc_custom_1680247149595{padding-top: 0px !important;padding-bottom: 80px !important;}&#8221;][vc_column width=&#8221;5\/12&#8243; css=&#8221;.vc_custom_1678693422567{padding-top: 20px !important;}&#8221;][vc_single_image image=&#8221;75799&#8243; img_size=&#8221;full&#8221; alignment=&#8221;center&#8221;][\/vc_column][vc_column width=&#8221;7\/12&#8243;][vc_empty_space][vc_tta_accordion style=&#8221;outline&#8221; color=&#8221;black&#8221; active_section=&#8221;1&#8243; no_fill=&#8221;true&#8221; collapsible_all=&#8221;true&#8221;][vc_tta_section title=&#8221;Desgasificaci\u00f3&#8221; tab_id=&#8221;1678706407065-24799b4c-9c1e&#8221;][vc_column_text]<\/p>\n<ul>\n<li style=\"text-align: justify;\">Canonada\u00a0PEAD\u00a0ranurada per a captaci\u00f3 vertical (barres de\u00a06m)\u00a0o horitzontal (barres de\u00a06m\u00a0i de\u00a012m). Ranurat automatitzat, que garanteix la capacitat drenant prevista, aix\u00ed com rapidesa en el subministrament. En barres de\u00a06m<\/li>\n<li style=\"text-align: justify;\">Cap\u00e7als de captaci\u00f3 de biog\u00e0s: amb o sense registre; desmuntables o fixos<\/li>\n<li style=\"text-align: justify;\">Estacions de regulaci\u00f3: amb i sense separador de condensats<\/li>\n<li style=\"text-align: justify;\">Pous separadors de condensats<\/li>\n<\/ul>\n<p>[\/vc_column_text][\/vc_tta_section][vc_tta_section title=&#8221;Captaci\u00f3 de lixiviats&#8221; tab_id=&#8221;1678706407085-c3d400a9-2f6a&#8221;][vc_column_text]<\/p>\n<ul>\n<li style=\"text-align: justify;\">Canonada\u00a0PEAD\u00a0ranurada per a captaci\u00f3 horitzontal. Ranurat automatitzat, que garanteix la capacitat drenant prevista, aix\u00ed com rapidesa en el subministrament. En barres de\u00a06m\u00a0i de\u00a012m<\/li>\n<li style=\"text-align: justify;\">Bombaments del got a bassa de lixiviats<\/li>\n<\/ul>\n<p>[\/vc_column_text][\/vc_tta_section][vc_tta_section title=&#8221;Centres de Tractaments de Residus &#8211; Trinxeres de ventilaci\u00f3&#8221; tab_id=&#8221;1678707098014-c8e0784a-8813&#8243;][vc_column_text]<\/p>\n<ul>\n<li style=\"text-align: justify;\">Instal\u00b7laci\u00f3 de canonada de ventilaci\u00f3 perforada, incloent\u00a0spigots<\/li>\n<li style=\"text-align: justify;\">Diversos sistemes de captaci\u00f3 i evacuaci\u00f3 de condensats<\/li>\n<li style=\"text-align: justify;\">Diversos sistemes de connexi\u00f3 amb ventiladors<\/li>\n<\/ul>\n<p>[\/vc_column_text][\/vc_tta_section][vc_tta_section title=&#8221;Centres de Tractaments de Residus \u2013 Conduccions d&#8217;aigualeig&#8221; tab_id=&#8221;1678707119549-55573550-0ba1&#8243;][vc_column_text]<\/p>\n<ul>\n<li style=\"text-align: justify;\">Pous i sistemes de registre<\/li>\n<li style=\"text-align: justify;\">Conduccions de lixiviats provinents d&#8217;aigualeig<\/li>\n<\/ul>\n<p>[\/vc_column_text][\/vc_tta_section][vc_tta_section title=&#8221;Execuci\u00f3&#8221; tab_id=&#8221;1678707148605-a4d9d91b-5551&#8243;][vc_column_text]<\/p>\n<ul>\n<li style=\"text-align: justify;\">Tot el relacionat amb la instal\u00b7laci\u00f3 de sistemes de canonades per a la desgasificaci\u00f3, incloent-hi el disseny, fabricaci\u00f3 i muntatge de\u00a0ERM, fins a la connexi\u00f3 a la torxa.<\/li>\n<li style=\"text-align: justify;\">Tot el relacionat amb la instal\u00b7laci\u00f3 de sistemes de captaci\u00f3 de lixiviats, des del subministrament de canonada ranurada fins a la soldadura d&#8217;aquesta, incloent-hi les captacions a got i els sistemes de bombament necessaris.<\/li>\n<\/ul>\n<p>[\/vc_column_text][\/vc_tta_section][\/vc_tta_accordion][\/vc_column][\/vc_row][vc_row css=&#8221;.vc_custom_1678693754417{padding-top: 70px !important;padding-bottom: 70px !important;background-color: #f6f6f6 !important;}&#8221;][vc_column width=&#8221;1\/3&#8243;][vc_single_image image=&#8221;75235&#8243; img_size=&#8221;full&#8221; alignment=&#8221;center&#8221; css=&#8221;.vc_custom_1678694050544{padding-bottom: 40px !important;}&#8221;][vc_custom_heading text=&#8221;Expertos comerciales&#8221; font_container=&#8221;tag:h3|font_size:16px|text_align:center&#8221;][vc_column_text]<\/p>\n<p style=\"text-align: center;\">Posarem a la teva disposici\u00f3 un expert comercial que ajudar\u00e0 a desenvolupar el teu projecte<\/p>\n<p>[\/vc_column_text][\/vc_column][vc_column width=&#8221;1\/3&#8243;][vc_single_image image=&#8221;75232&#8243; img_size=&#8221;full&#8221; alignment=&#8221;center&#8221; css=&#8221;.vc_custom_1678693825013{padding-bottom: 40px !important;}&#8221;][vc_custom_heading text=&#8221;Calidad por excelencia&#8221; font_container=&#8221;tag:h3|font_size:16px|text_align:center&#8221;][vc_column_text]<\/p>\n<p style=\"text-align: center;\">El nostre objectiu \u00e9s el d&#8217;oferir solucions satisfact\u00f2ries en l&#8217;\u00e0mbit de canonades de\u00a0PEAD<\/p>\n<p>[\/vc_column_text][\/vc_column][vc_column width=&#8221;1\/3&#8243;][vc_single_image image=&#8221;75235&#8243; img_size=&#8221;full&#8221; alignment=&#8221;center&#8221; css=&#8221;.vc_custom_1678694195097{padding-bottom: 40px !important;}&#8221;][vc_custom_heading text=&#8221;Internacionalizaci\u00f3n&#8221; font_container=&#8221;tag:h3|font_size:16px|text_align:center&#8221;][vc_column_text]<\/p>\n<p style=\"text-align: center;\">Realitzem instal\u00b7lacions i col\u00b7laborem en projectes complexos, en entorns multiculturals en angl\u00e8s i franc\u00e8s<\/p>\n<p>[\/vc_column_text][\/vc_column][\/vc_row][vc_row css=&#8221;.vc_custom_1679042077355{padding-top: 50px !important;padding-right: 45px !important;padding-bottom: 30px !important;padding-left: 45px !important;}&#8221; el_class=&#8221;align-center services services-2&#8243;][vc_column][vc_empty_space height=&#8221;40px&#8221;][vc_custom_heading text=&#8221;Descobreix la resta de serveis&#8221; font_container=&#8221;tag:h2|font_size:48|text_align:center|color:%23000000&#8243;][vc_custom_heading text=&#8221;Equip de professionals al teu servei&#8221; font_container=&#8221;tag:h2|text_align:center|color:%23002d90&#8243; el_class=&#8221;mw600&#8243; css=&#8221;.vc_custom_1682321981993{padding-bottom: 50px !important;}&#8221;][vc_empty_space height=&#8221;40px&#8221;][vc_row_inner el_class=&#8221;pro-services&#8221; css=&#8221;.vc_custom_1678700846830{padding-bottom: 30px !important;}&#8221;][vc_column_inner width=&#8221;1\/3&#8243;][vc_single_image image=&#8221;75648&#8243; img_size=&#8221;full&#8221; alignment=&#8221;center&#8221;][vc_icon icon_fontawesome=&#8221;fas fa-water&#8221; color=&#8221;white&#8221;][vc_custom_heading text=&#8221;INSTAL\u00b7LACIONS HIDR\u00c0ULIQUES&#8221; font_container=&#8221;tag:h4|text_align:center|color:%23000000&#8243; css=&#8221;.vc_custom_1682415462460{padding-top: 40px !important;padding-bottom: 20px !important;background-color: #f6f6f6 !important;}&#8221; link=&#8221;url:https%3A%2F%2Fsistemasdetubos.com%2Fca%2Fserveis%2Finstalacions-hidrauliques%2F|title:Quienes%20somos&#8221;][\/vc_column_inner][vc_column_inner width=&#8221;1\/3&#8243;][vc_single_image image=&#8221;75649&#8243; img_size=&#8221;full&#8221; alignment=&#8221;center&#8221;][vc_icon icon_fontawesome=&#8221;far fa-circle&#8221; color=&#8221;white&#8221;][vc_custom_heading text=&#8221;GRANS DI\u00c0METRES&#8221; font_container=&#8221;tag:h4|text_align:center|color:%23000000&#8243; css=&#8221;.vc_custom_1682414884592{padding-top: 40px !important;padding-bottom: 20px !important;background-color: #f6f6f6 !important;}&#8221; link=&#8221;url:https%3A%2F%2Fsistemasdetubos.com%2Fca%2Fserveis%2Fgrans-diametres%2F|title:Grandes%20di%C3%A1metros&#8221;][\/vc_column_inner][vc_column_inner width=&#8221;1\/3&#8243;][vc_single_image image=&#8221;75650&#8243; img_size=&#8221;full&#8221;][vc_icon icon_fontawesome=&#8221;fab fa-opencart&#8221; color=&#8221;white&#8221;][vc_custom_heading text=&#8221;EMISSARIS SUBMARINS&#8221; font_container=&#8221;tag:h4|text_align:center|color:%23000000&#8243; css=&#8221;.vc_custom_1682414894600{padding-top: 40px !important;padding-bottom: 20px !important;background-color: #f6f6f6 !important;}&#8221; link=&#8221;url:https%3A%2F%2Fsistemasdetubos.com%2Fca%2Fserveis%2Femissaris-submarins%2F|title:Emisarios%20submarinos&#8221;][\/vc_column_inner][\/vc_row_inner][vc_row_inner][vc_column_inner][vc_empty_space][vc_btn title=&#8221;Descobreix tots els nostres serveis&#8221; style=&#8221;outline&#8221; shape=&#8221;square&#8221; color=&#8221;black&#8221; align=&#8221;center&#8221; el_class=&#8221;tm-btn1&#8243; link=&#8221;url:https%3A%2F%2Fsistemasdetubos.com%2Fca%2Fserveis%2F|title:Servicios&#8221;][\/vc_column_inner][\/vc_row_inner][\/vc_column][\/vc_row]<\/p>\n<\/section>","protected":false},"excerpt":{"rendered":"<p>[vc_row css=&#8221;.vc_custom_1680247115336{padding-bottom: 0px !important;}&#8221;][vc_column][vc_custom_heading text=&#8221;Qu\u00e8 oferim?&#8221; font_container=&#8221;tag:h2|font_size:36px|text_align:center&#8221; el_class=&#8221;special&#8221;][vc_custom_heading text=&#8221;M\u00e9s de 50 abocadors i 200 projectes realitzats&#8221; font_container=&#8221;tag:p|text_align:center|color:%23999999&#8243; el_class=&#8221;mw600&#8243; css=&#8221;.vc_custom_1682321678384{padding-bottom: 50px !important;}&#8221;][\/vc_column][\/vc_row][vc_row css=&#8221;.vc_custom_1680247149595{padding-top: 0px !important;padding-bottom: 80px !important;}&#8221;][vc_column width=&#8221;5\/12&#8243; css=&#8221;.vc_custom_1678693422567{padding-top: 20px !important;}&#8221;][vc_single_image image=&#8221;75799&#8243; img_size=&#8221;full&#8221; alignment=&#8221;center&#8221;][\/vc_column][vc_column width=&#8221;7\/12&#8243;][vc_empty_space][vc_tta_accordion style=&#8221;outline&#8221; color=&#8221;black&#8221; active_section=&#8221;1&#8243; no_fill=&#8221;true&#8221; collapsible_all=&#8221;true&#8221;][vc_tta_section title=&#8221;Desgasificaci\u00f3&#8221; tab_id=&#8221;1678706407065-24799b4c-9c1e&#8221;][vc_column_text] Canonada\u00a0PEAD\u00a0ranurada per a captaci\u00f3 vertical (barres de\u00a06m)\u00a0o horitzontal (barres de\u00a06m\u00a0i de\u00a012m). Ranurat automatitzat, que [&hellip;]<\/p>\n","protected":false},"author":1,"featured_media":0,"parent":76763,"menu_order":0,"comment_status":"closed","ping_status":"closed","template":"","meta":{"footnotes":""},"class_list":["post-76777","page","type-page","status-publish","hentry"],"aioseo_notices":[],"_links":{"self":[{"href":"https:\/\/sistemasdetubos.com\/ca\/wp-json\/wp\/v2\/pages\/76777","targetHints":{"allow":["GET"]}}],"collection":[{"href":"https:\/\/sistemasdetubos.com\/ca\/wp-json\/wp\/v2\/pages"}],"about":[{"href":"https:\/\/sistemasdetubos.com\/ca\/wp-json\/wp\/v2\/types\/page"}],"author":[{"embeddable":true,"href":"https:\/\/sistemasdetubos.com\/ca\/wp-json\/wp\/v2\/users\/1"}],"replies":[{"embeddable":true,"href":"https:\/\/sistemasdetubos.com\/ca\/wp-json\/wp\/v2\/comments?post=76777"}],"version-history":[{"count":5,"href":"https:\/\/sistemasdetubos.com\/ca\/wp-json\/wp\/v2\/pages\/76777\/revisions"}],"predecessor-version":[{"id":76868,"href":"https:\/\/sistemasdetubos.com\/ca\/wp-json\/wp\/v2\/pages\/76777\/revisions\/76868"}],"up":[{"embeddable":true,"href":"https:\/\/sistemasdetubos.com\/ca\/wp-json\/wp\/v2\/pages\/76763"}],"wp:attachment":[{"href":"https:\/\/sistemasdetubos.com\/ca\/wp-json\/wp\/v2\/media?parent=76777"}],"curies":[{"name":"wp","href":"https:\/\/api.w.org\/{rel}","templated":true}]}}