{"id":76774,"date":"2023-03-15T08:49:26","date_gmt":"2023-03-15T07:49:26","guid":{"rendered":"https:\/\/sistemasdetubos.com\/servicios\/redes-contraincendios\/"},"modified":"2023-04-27T22:46:03","modified_gmt":"2023-04-27T20:46:03","slug":"xarxes-contraincendis","status":"publish","type":"page","link":"https:\/\/sistemasdetubos.com\/ca\/serveis\/xarxes-contraincendis\/","title":{"rendered":"Xarxes contra incendis"},"content":{"rendered":"<section class=\"wpb-content-wrapper\"><p>[vc_row css=&#8221;.vc_custom_1678704780490{padding-top: 60px !important;padding-bottom: 80px !important;}&#8221;][vc_column width=&#8221;5\/12&#8243; css=&#8221;.vc_custom_1678693422567{padding-top: 20px !important;}&#8221;][vc_custom_heading text=&#8221;Qu\u00e8<em> oferim?<\/em>&#8221; font_container=&#8221;tag:h2|font_size:36px|text_align:left&#8221; el_class=&#8221;special&#8221;][vc_custom_heading text=&#8221;A Sistema de Tubos som pioner a Espanya en la promoci\u00f3 i execuci\u00f3 de xarxes contra incendis en PEAD mitjan\u00e7ant soldadura de gom a gom.&#8221; font_container=&#8221;tag:p|font_size:18px|text_align:justify&#8221;][vc_column_text]<\/p>\n<p style=\"text-align: justify;\">Hem realitzat m\u00e9s de 800 instal\u00b7lacions a nivell nacional i internacional com\u00a0partner\u00a0especialitzat i en tots els sectors, des de petroqu\u00edmica fins a centrals nuclears passant per automoci\u00f3, log\u00edstica o farm\u00e0cia, sempre amb alt\u00edssims est\u00e0ndards de qualitat que permeten als nostres clients assegurar contenci\u00f3 en els costos i fiabilitat en les solucions aportades.<\/p>\n<p>[\/vc_column_text][\/vc_column][vc_column width=&#8221;7\/12&#8243;][vc_row_inner][vc_column_inner][vc_single_image image=&#8221;75791&#8243; img_size=&#8221;full&#8221; alignment=&#8221;right&#8221;][\/vc_column_inner][\/vc_row_inner][\/vc_column][\/vc_row][vc_row type=&#8221;full_width&#8221; css=&#8221;.vc_custom_1681801432529{background-color: #f7f7f7 !important;background-position: 0 0 !important;background-repeat: no-repeat !important;}&#8221; el_id=&#8221;leading&#8221;][vc_column width=&#8221;1\/2&#8243; css=&#8221;.vc_custom_1678694711473{margin-bottom: 15px !important;}&#8221;][vc_single_image image=&#8221;75791&#8243; img_size=&#8221;1000&#215;550&#8243;][\/vc_column][vc_column width=&#8221;1\/2&#8243; css=&#8221;.vc_custom_1678959297693{margin-bottom: 15px !important;padding-right: 15% !important;padding-left: 15% !important;}&#8221;][vc_empty_space height=&#8221;70px&#8221;][vc_custom_heading text=&#8221;Servicios en redes contraincendios&#8221; font_container=&#8221;tag:h2|font_size:36px|text_align:left|color:%23002d90&#8243;][vc_column_text el_class=&#8221;home8_whychooseus_text&#8221;]<\/p>\n<ul>\n<li>Xarxes enterrades realitzades amb canonada de polietil\u00e8\u00a0PEAD\u00a0sdr11\u00a0pn16<\/li>\n<li>Xarxes enterrades realitzades amb canonada de polietil\u00e8 PEAD sdr11 pn16 homologada UL\/FM<\/li>\n<li>Soldadura de gom a gom de canonades de\u00a0PEAD<\/li>\n<li>Xarxes enterrades realitzades amb canonada de fosa d\u00factil<\/li>\n<li>Hidrants i monitors<\/li>\n<li>Connexions a llocs de control<\/li>\n<li>V\u00e0lvules de seccionament, pals indicadors de posici\u00f3 testimonis de finals de carrera<\/li>\n<li>Proves de pressi\u00f3 sota normativa UNEIX 23500, EN 805 o EN 53399<\/li>\n<\/ul>\n<p>[\/vc_column_text][\/vc_column][\/vc_row][vc_row css=&#8221;.vc_custom_1678959386591{padding-top: 50px !important;padding-right: 45px !important;padding-bottom: 30px !important;padding-left: 45px !important;}&#8221; el_class=&#8221;align-center services services-2&#8243;][vc_column][vc_empty_space height=&#8221;40px&#8221;][vc_custom_heading text=&#8221;Descobreix la resta de serveis&#8221; font_container=&#8221;tag:h2|font_size:48|text_align:center|color:%23000000&#8243;][vc_custom_heading text=&#8221;Equip de professionals al teu servei&#8221; font_container=&#8221;tag:h2|text_align:center|color:%23002d90&#8243; el_class=&#8221;mw600&#8243; css=&#8221;.vc_custom_1682321528515{padding-bottom: 50px !important;}&#8221;][vc_empty_space height=&#8221;20px&#8221;][vc_row_inner el_class=&#8221;pro-services&#8221; css=&#8221;.vc_custom_1678700846830{padding-bottom: 30px !important;}&#8221;][vc_column_inner width=&#8221;1\/3&#8243;][vc_single_image image=&#8221;75648&#8243; img_size=&#8221;full&#8221; alignment=&#8221;center&#8221;][vc_icon icon_fontawesome=&#8221;fas fa-water&#8221; color=&#8221;white&#8221;][vc_custom_heading text=&#8221;INSTAL\u00b7LACIONS HIDR\u00c0ULIQUES&#8221; font_container=&#8221;tag:h4|text_align:center|color:%23000000&#8243; css=&#8221;.vc_custom_1682414755366{padding-top: 40px !important;padding-bottom: 20px !important;background-color: #f6f6f6 !important;}&#8221; link=&#8221;url:https%3A%2F%2Fsistemasdetubos.com%2Fca%2Fserveis%2Finstalacions-hidrauliques%2F|title:Quienes%20somos&#8221;][\/vc_column_inner][vc_column_inner width=&#8221;1\/3&#8243;][vc_single_image image=&#8221;75831&#8243; img_size=&#8221;full&#8221; alignment=&#8221;center&#8221;][vc_icon icon_fontawesome=&#8221;fas fa-certificate&#8221; color=&#8221;white&#8221;][vc_custom_heading text=&#8221;INSTAL\u00b7LACIONS ESPECIALS&#8221; font_container=&#8221;tag:h4|text_align:center|color:%23000000&#8243; css=&#8221;.vc_custom_1682414765862{padding-top: 40px !important;padding-bottom: 20px !important;background-color: #f6f6f6 !important;}&#8221; link=&#8221;url:https%3A%2F%2Fsistemasdetubos.com%2Fca%2Fserveis%2Findustria-e-instalaciones-especiales%2F|title:Alquiler%20de%20maquinaria&#8221;][\/vc_column_inner][vc_column_inner width=&#8221;1\/3&#8243;][vc_single_image image=&#8221;75650&#8243; img_size=&#8221;full&#8221;][vc_icon icon_fontawesome=&#8221;fab fa-opencart&#8221; color=&#8221;white&#8221;][vc_custom_heading text=&#8221;EMISSARIS SUBMARINS&#8221; font_container=&#8221;tag:h4|text_align:center|color:%23000000&#8243; css=&#8221;.vc_custom_1682414782705{padding-top: 40px !important;padding-bottom: 20px !important;background-color: #f6f6f6 !important;}&#8221; link=&#8221;url:https%3A%2F%2Fsistemasdetubos.com%2Fca%2Fserveis%2Femissaris-submarins%2F|title:Emisarios%20submarinos&#8221;][\/vc_column_inner][\/vc_row_inner][vc_row_inner][vc_column_inner][vc_empty_space][vc_btn title=&#8221;Descobreix tots els nostres serveis&#8221; style=&#8221;outline&#8221; shape=&#8221;square&#8221; color=&#8221;black&#8221; align=&#8221;center&#8221; el_class=&#8221;tm-btn1&#8243; link=&#8221;url:https%3A%2F%2Fsistemasdetubos.com%2Fca%2Fserveis%2F|title:Servicios&#8221;][\/vc_column_inner][\/vc_row_inner][\/vc_column][\/vc_row]<\/p>\n<\/section>","protected":false},"excerpt":{"rendered":"<p>[vc_row css=&#8221;.vc_custom_1678704780490{padding-top: 60px !important;padding-bottom: 80px !important;}&#8221;][vc_column width=&#8221;5\/12&#8243; css=&#8221;.vc_custom_1678693422567{padding-top: 20px !important;}&#8221;][vc_custom_heading text=&#8221;Qu\u00e8 oferim?&#8221; font_container=&#8221;tag:h2|font_size:36px|text_align:left&#8221; el_class=&#8221;special&#8221;][vc_custom_heading text=&#8221;A Sistema de Tubos som pioner a Espanya en la promoci\u00f3 i execuci\u00f3 de xarxes contra incendis en PEAD mitjan\u00e7ant soldadura de gom a gom.&#8221; font_container=&#8221;tag:p|font_size:18px|text_align:justify&#8221;][vc_column_text] Hem realitzat m\u00e9s de 800 instal\u00b7lacions a nivell nacional i internacional com\u00a0partner\u00a0especialitzat i en tots [&hellip;]<\/p>\n","protected":false},"author":1,"featured_media":0,"parent":76763,"menu_order":0,"comment_status":"closed","ping_status":"closed","template":"","meta":{"footnotes":""},"class_list":["post-76774","page","type-page","status-publish","hentry"],"aioseo_notices":[],"_links":{"self":[{"href":"https:\/\/sistemasdetubos.com\/ca\/wp-json\/wp\/v2\/pages\/76774","targetHints":{"allow":["GET"]}}],"collection":[{"href":"https:\/\/sistemasdetubos.com\/ca\/wp-json\/wp\/v2\/pages"}],"about":[{"href":"https:\/\/sistemasdetubos.com\/ca\/wp-json\/wp\/v2\/types\/page"}],"author":[{"embeddable":true,"href":"https:\/\/sistemasdetubos.com\/ca\/wp-json\/wp\/v2\/users\/1"}],"replies":[{"embeddable":true,"href":"https:\/\/sistemasdetubos.com\/ca\/wp-json\/wp\/v2\/comments?post=76774"}],"version-history":[{"count":3,"href":"https:\/\/sistemasdetubos.com\/ca\/wp-json\/wp\/v2\/pages\/76774\/revisions"}],"predecessor-version":[{"id":76866,"href":"https:\/\/sistemasdetubos.com\/ca\/wp-json\/wp\/v2\/pages\/76774\/revisions\/76866"}],"up":[{"embeddable":true,"href":"https:\/\/sistemasdetubos.com\/ca\/wp-json\/wp\/v2\/pages\/76763"}],"wp:attachment":[{"href":"https:\/\/sistemasdetubos.com\/ca\/wp-json\/wp\/v2\/media?parent=76774"}],"curies":[{"name":"wp","href":"https:\/\/api.w.org\/{rel}","templated":true}]}}