{"id":76770,"date":"2023-03-15T08:48:06","date_gmt":"2023-03-15T07:48:06","guid":{"rendered":"https:\/\/sistemasdetubos.com\/servicios\/grandes-diametros\/"},"modified":"2023-04-25T11:30:22","modified_gmt":"2023-04-25T09:30:22","slug":"grans-diametres","status":"publish","type":"page","link":"https:\/\/sistemasdetubos.com\/ca\/serveis\/grans-diametres\/","title":{"rendered":"Grans di\u00e0metres"},"content":{"rendered":"<section class=\"wpb-content-wrapper\"><p>[vc_row css=&#8221;.vc_custom_1678704780490{padding-top: 60px !important;padding-bottom: 80px !important;}&#8221;][vc_column width=&#8221;5\/12&#8243; css=&#8221;.vc_custom_1678693422567{padding-top: 20px !important;}&#8221;][vc_empty_space][vc_custom_heading text=&#8221;Qu\u00e8 <em>oferim?<\/em>&#8221; font_container=&#8221;tag:h2|font_size:36px|text_align:left&#8221; el_class=&#8221;special&#8221;][vc_column_text]<\/p>\n<p style=\"text-align: justify;\">A <strong>SISTEMAS DE TUBOS SL<\/strong> som oficials experts en la instal\u00b7laci\u00f3 de canonada de di\u00e0metres 710, 800, 900, 1000 i 1200 per a prove\u00efments, col\u00b7lectors de sanejament i estacions depuradores; tamb\u00e9 fabricaci\u00f3 d&#8217;accessoris.<\/p>\n<p>[\/vc_column_text][\/vc_column][vc_column width=&#8221;7\/12&#8243;][vc_row_inner][vc_column_inner][vc_single_image image=&#8221;75757&#8243; img_size=&#8221;full&#8221; alignment=&#8221;right&#8221;][\/vc_column_inner][\/vc_row_inner][\/vc_column][\/vc_row][vc_row type=&#8221;full_width&#8221;][vc_column][vc_images_carousel images=&#8221;75741,75762,75763,75757,75761&#8243; img_size=&#8221;full&#8221; slides_per_view=&#8221;3&#8243;][\/vc_column][\/vc_row][vc_row css=&#8221;.vc_custom_1678955884104{padding-top: 50px !important;padding-right: 45px !important;padding-bottom: 30px !important;padding-left: 45px !important;}&#8221; el_class=&#8221;align-center services services-2&#8243;][vc_column][vc_empty_space height=&#8221;40px&#8221;][vc_custom_heading text=&#8221;Descobreix la resta de serveis&#8221; font_container=&#8221;tag:h2|font_size:48|text_align:center|color:%23000000&#8243;][vc_custom_heading text=&#8221;Equip de professionals al teu servei&#8221; font_container=&#8221;tag:h2|font_size:16|text_align:center|color:%23002d90&#8243;][vc_empty_space height=&#8221;40px&#8221;][vc_row_inner el_class=&#8221;pro-services&#8221; css=&#8221;.vc_custom_1678700846830{padding-bottom: 30px !important;}&#8221;][vc_column_inner width=&#8221;1\/3&#8243;][vc_single_image image=&#8221;75648&#8243; img_size=&#8221;full&#8221; alignment=&#8221;center&#8221;][vc_icon icon_fontawesome=&#8221;fas fa-water&#8221; color=&#8221;white&#8221;][vc_custom_heading text=&#8221;INSTAL\u00b7LACIONS HIDR\u00c0ULIQUES&#8221; font_container=&#8221;tag:h4|text_align:center|color:%23000000&#8243; css=&#8221;.vc_custom_1682414348361{padding-top: 40px !important;padding-bottom: 20px !important;background-color: #f6f6f6 !important;}&#8221; link=&#8221;url:https%3A%2F%2Fsistemasdetubos.com%2Fca%2Fserveis%2Finstalaciones-hidraulicas%2F|title:Quienes%20somos&#8221;][\/vc_column_inner][vc_column_inner width=&#8221;1\/3&#8243;][vc_single_image image=&#8221;75766&#8243; img_size=&#8221;full&#8221; alignment=&#8221;center&#8221;][vc_icon icon_fontawesome=&#8221;fas fa-skull-crossbones&#8221; color=&#8221;white&#8221;][vc_custom_heading text=&#8221;CENTRES DE TRACTAMENT DE RESIDUS&#8221; font_container=&#8221;tag:h4|text_align:center|color:%23000000&#8243; css=&#8221;.vc_custom_1682414358701{padding-top: 40px !important;padding-bottom: 20px !important;background-color: #f6f6f6 !important;}&#8221; link=&#8221;url:https%3A%2F%2Fsistemasdetubos.com%2Fca%2Fserveis%2Fvertederos-y-centros-de-tratamiento-de-residuos%2F|title:Vertederos%20y%20centros%20de%20tratamiento%20de%20residuos&#8221;][\/vc_column_inner][vc_column_inner width=&#8221;1\/3&#8243;][vc_single_image image=&#8221;75650&#8243; img_size=&#8221;full&#8221;][vc_icon icon_fontawesome=&#8221;fab fa-opencart&#8221; color=&#8221;white&#8221;][vc_custom_heading text=&#8221;EMISSARIS SUBMARINS&#8221; font_container=&#8221;tag:h4|text_align:center|color:%23000000&#8243; css=&#8221;.vc_custom_1682414368353{padding-top: 40px !important;padding-bottom: 20px !important;background-color: #f6f6f6 !important;}&#8221; link=&#8221;url:https%3A%2F%2Fsistemasdetubos.com%2Fca%2Fserveis%2Femisarios-submarinos%2F|title:Emisarios%20submarinos&#8221;][\/vc_column_inner][\/vc_row_inner][vc_row_inner][vc_column_inner][vc_empty_space][vc_btn title=&#8221;Descobreix tots els nostres serveis&#8221; style=&#8221;outline&#8221; shape=&#8221;square&#8221; color=&#8221;black&#8221; align=&#8221;center&#8221; el_class=&#8221;tm-btn1&#8243; link=&#8221;url:https%3A%2F%2Fsistemasdetubos.com%2Fca%2Fserveis%2F|title:Servicios&#8221;][\/vc_column_inner][\/vc_row_inner][\/vc_column][\/vc_row]<\/p>\n<\/section>","protected":false},"excerpt":{"rendered":"<p>[vc_row css=&#8221;.vc_custom_1678704780490{padding-top: 60px !important;padding-bottom: 80px !important;}&#8221;][vc_column width=&#8221;5\/12&#8243; css=&#8221;.vc_custom_1678693422567{padding-top: 20px !important;}&#8221;][vc_empty_space][vc_custom_heading text=&#8221;Qu\u00e8 oferim?&#8221; font_container=&#8221;tag:h2|font_size:36px|text_align:left&#8221; el_class=&#8221;special&#8221;][vc_column_text] A SISTEMAS DE TUBOS SL som oficials experts en la instal\u00b7laci\u00f3 de canonada de di\u00e0metres 710, 800, 900, 1000 i 1200 per a prove\u00efments, col\u00b7lectors de sanejament i estacions depuradores; tamb\u00e9 fabricaci\u00f3 d&#8217;accessoris. [\/vc_column_text][\/vc_column][vc_column width=&#8221;7\/12&#8243;][vc_row_inner][vc_column_inner][vc_single_image image=&#8221;75757&#8243; img_size=&#8221;full&#8221; alignment=&#8221;right&#8221;][\/vc_column_inner][\/vc_row_inner][\/vc_column][\/vc_row][vc_row type=&#8221;full_width&#8221;][vc_column][vc_images_carousel images=&#8221;75741,75762,75763,75757,75761&#8243; img_size=&#8221;full&#8221; [&hellip;]<\/p>\n","protected":false},"author":1,"featured_media":0,"parent":76763,"menu_order":0,"comment_status":"closed","ping_status":"closed","template":"","meta":{"footnotes":""},"class_list":["post-76770","page","type-page","status-publish","hentry"],"aioseo_notices":[],"_links":{"self":[{"href":"https:\/\/sistemasdetubos.com\/ca\/wp-json\/wp\/v2\/pages\/76770","targetHints":{"allow":["GET"]}}],"collection":[{"href":"https:\/\/sistemasdetubos.com\/ca\/wp-json\/wp\/v2\/pages"}],"about":[{"href":"https:\/\/sistemasdetubos.com\/ca\/wp-json\/wp\/v2\/types\/page"}],"author":[{"embeddable":true,"href":"https:\/\/sistemasdetubos.com\/ca\/wp-json\/wp\/v2\/users\/1"}],"replies":[{"embeddable":true,"href":"https:\/\/sistemasdetubos.com\/ca\/wp-json\/wp\/v2\/comments?post=76770"}],"version-history":[{"count":4,"href":"https:\/\/sistemasdetubos.com\/ca\/wp-json\/wp\/v2\/pages\/76770\/revisions"}],"predecessor-version":[{"id":76864,"href":"https:\/\/sistemasdetubos.com\/ca\/wp-json\/wp\/v2\/pages\/76770\/revisions\/76864"}],"up":[{"embeddable":true,"href":"https:\/\/sistemasdetubos.com\/ca\/wp-json\/wp\/v2\/pages\/76763"}],"wp:attachment":[{"href":"https:\/\/sistemasdetubos.com\/ca\/wp-json\/wp\/v2\/media?parent=76770"}],"curies":[{"name":"wp","href":"https:\/\/api.w.org\/{rel}","templated":true}]}}