{"id":76766,"date":"2023-03-15T08:47:41","date_gmt":"2023-03-15T07:47:41","guid":{"rendered":"https:\/\/sistemasdetubos.com\/servicios\/instalaciones-hidraulicas\/"},"modified":"2023-04-25T11:29:48","modified_gmt":"2023-04-25T09:29:48","slug":"instalacions-hidrauliques","status":"publish","type":"page","link":"https:\/\/sistemasdetubos.com\/ca\/serveis\/instalacions-hidrauliques\/","title":{"rendered":"Instal\u00b7lacions hidr\u00e0uliques"},"content":{"rendered":"<section class=\"wpb-content-wrapper\"><p>[vc_row css=&#8221;.vc_custom_1678704780490{padding-top: 60px !important;padding-bottom: 80px !important;}&#8221;][vc_column width=&#8221;5\/12&#8243; css=&#8221;.vc_custom_1678693422567{padding-top: 20px !important;}&#8221;][vc_custom_heading text=&#8221;Qu\u00e8 <em>oferim?<\/em>&#8221; font_container=&#8221;tag:h2|font_size:36px|text_align:left&#8221; el_class=&#8221;special&#8221;][vc_custom_heading text=&#8221;Instal\u00b7laci\u00f3 i muntatge de canonades de PEAD i de fosa en projectes d&#8217;obra p\u00fablica i privada en territori nacional i tamb\u00e9 internacional:&#8221; font_container=&#8221;tag:p|font_size:18px|text_align:left&#8221;][vc_column_text]<\/p>\n<ul>\n<li>EDAR\u00a0&#8211; Estacions Depuradores Aig\u00fces Residuals<\/li>\n<li>EDAM &#8211; Estacions Dessaladores Aigua Marina<\/li>\n<li>ETAP &#8211; Estacions de Tractament d&#8217;Aigua<\/li>\n<li>Col\u00b7lectors d&#8217;Impulsi\u00f3<\/li>\n<li>Urbanitzacions i pol\u00edgons industrials<\/li>\n<li>Perforacions dirigides<\/li>\n<\/ul>\n<p>[\/vc_column_text][\/vc_column][vc_column width=&#8221;7\/12&#8243;][vc_row_inner][vc_column_inner width=&#8221;1\/2&#8243;][vc_single_image image=&#8221;75731&#8243; img_size=&#8221;full&#8221;][\/vc_column_inner][vc_column_inner width=&#8221;1\/2&#8243;][vc_single_image image=&#8221;75733&#8243; img_size=&#8221;full&#8221;][\/vc_column_inner][\/vc_row_inner][\/vc_column][\/vc_row][vc_row type=&#8221;full_width&#8221; css=&#8221;.vc_custom_1681801182870{background-color: #f7f7f7 !important;}&#8221; el_id=&#8221;leading&#8221;][vc_column width=&#8221;1\/2&#8243; css=&#8221;.vc_custom_1681742318003{padding-right: -30px !important;padding-left: -30px !important;}&#8221;][vc_single_image image=&#8221;75762&#8243; img_size=&#8221;1000&#215;500&#8243;][\/vc_column][vc_column width=&#8221;1\/2&#8243; css=&#8221;.vc_custom_1681742118345{margin-bottom: 15px !important;padding-right: 15% !important;padding-left: 15% !important;}&#8221;][vc_empty_space height=&#8221;50px&#8221;][vc_custom_heading text=&#8221;Les fases en les quals intervenim s\u00f3n:&#8221; font_container=&#8221;tag:h2|font_size:36px|text_align:left|color:%23002d90&#8243;][vc_column_text el_class=&#8221;home8_whychooseus_text&#8221;]<\/p>\n<ol>\n<li style=\"text-align: justify;\">Verificaci\u00f3 de mesuraments i redissenyo de la instal\u00b7laci\u00f3 si escau, en col\u00b7laboraci\u00f3 amb el nostre client<\/li>\n<li style=\"text-align: justify;\">Elecci\u00f3 dels materials m\u00e9s adequats: canonades, v\u00e0lvules, ventoses, accessoris de connexi\u00f3, disseny d&#8217;arquetes especials, etc&#8230; Disseny de solucions espec\u00edfiques en obres singulars<\/li>\n<li style=\"text-align: justify;\">Valoraci\u00f3 econ\u00f2mica real<\/li>\n<li style=\"text-align: justify;\">Assessorament en el disseny de la rasa<\/li>\n<li style=\"text-align: justify;\">Execuci\u00f3 de la soldadura i muntatge de les canonades<\/li>\n<li style=\"text-align: justify;\">Realitzaci\u00f3 de proves de pressi\u00f3 i certificaci\u00f3 de les mateixes<\/li>\n<li style=\"text-align: justify;\">Desinfecci\u00f3 i lliura<\/li>\n<li style=\"text-align: justify;\">Connexions amb xarxes i materials existents, si escau<\/li>\n<\/ol>\n<p>[\/vc_column_text][\/vc_column][\/vc_row][vc_row type=&#8221;full_width&#8221; css=&#8221;.vc_custom_1678952206950{padding-right: -40px !important;padding-left: -40px !important;}&#8221;][vc_column css=&#8221;.vc_custom_1678952290936{padding-right: -30px !important;padding-left: -30px !important;}&#8221;][vc_empty_space height=&#8221;20px&#8221;][vc_images_carousel images=&#8221;75737,75738,75739,75740,75741,75742,75743,75744&#8243; img_size=&#8221;full&#8221; slides_per_view=&#8221;3&#8243; autoplay=&#8221;yes&#8221; wrap=&#8221;yes&#8221;][vc_empty_space height=&#8221;20px&#8221;][\/vc_column][\/vc_row][vc_row css=&#8221;.vc_custom_1678953378318{padding-top: 50px !important;padding-right: 45px !important;padding-bottom: 30px !important;padding-left: 45px !important;}&#8221; el_class=&#8221;align-center services services-2&#8243;][vc_column][vc_empty_space height=&#8221;40px&#8221;][vc_custom_heading text=&#8221;Descobreix la resta de serveis&#8221; font_container=&#8221;tag:h2|font_size:48|text_align:center|color:%23000000&#8243;][vc_custom_heading text=&#8221;Equip de professionals al teu servei&#8221; font_container=&#8221;tag:h2|font_size:16|text_align:center|color:%23002d90&#8243;][vc_empty_space height=&#8221;40px&#8221;][vc_row_inner el_class=&#8221;pro-services&#8221; css=&#8221;.vc_custom_1678700846830{padding-bottom: 30px !important;}&#8221;][vc_column_inner width=&#8221;1\/3&#8243;][vc_single_image image=&#8221;75754&#8243; img_size=&#8221;full&#8221; alignment=&#8221;center&#8221;][vc_icon icon_fontawesome=&#8221;fas fa-fire-alt&#8221; color=&#8221;white&#8221;][vc_custom_heading text=&#8221;XARXES CONTRA INCENDIS&#8221; font_container=&#8221;tag:h4|text_align:center|color:%23000000&#8243; css=&#8221;.vc_custom_1682414261505{padding-top: 40px !important;padding-bottom: 20px !important;background-color: #f6f6f6 !important;}&#8221; link=&#8221;url:https%3A%2F%2Fsistemasdetubos.com%2Fca%2Fserveis%2Fredes-contraincendios%2F|title:Quienes%20somos&#8221;][\/vc_column_inner][vc_column_inner width=&#8221;1\/3&#8243;][vc_single_image image=&#8221;75649&#8243; img_size=&#8221;full&#8221; alignment=&#8221;center&#8221;][vc_icon icon_fontawesome=&#8221;far fa-circle&#8221; color=&#8221;white&#8221;][vc_custom_heading text=&#8221;GRANS DI\u00c0METRES&#8221; font_container=&#8221;tag:h4|text_align:center|color:%23000000&#8243; css=&#8221;.vc_custom_1682414271433{padding-top: 40px !important;padding-bottom: 20px !important;background-color: #f6f6f6 !important;}&#8221; link=&#8221;url:https%3A%2F%2Fsistemasdetubos.com%2Fca%2Fserveis%2Fgrandes-diametros%2F|title:Grandes%20di%C3%A1metros&#8221;][\/vc_column_inner][vc_column_inner width=&#8221;1\/3&#8243;][vc_single_image image=&#8221;75650&#8243; img_size=&#8221;full&#8221;][vc_icon icon_fontawesome=&#8221;fab fa-opencart&#8221; color=&#8221;white&#8221;][vc_custom_heading text=&#8221;EMISSARIS SUBMARINS&#8221; font_container=&#8221;tag:h4|text_align:center|color:%23000000&#8243; css=&#8221;.vc_custom_1682414285081{padding-top: 40px !important;padding-bottom: 20px !important;background-color: #f6f6f6 !important;}&#8221; link=&#8221;url:https%3A%2F%2Fsistemasdetubos.com%2Fca%2Fserveis%2Femisarios-submarinos%2F|title:Emisarios%20submarinos&#8221;][\/vc_column_inner][\/vc_row_inner][vc_row_inner][vc_column_inner][vc_empty_space height=&#8221;20px&#8221;][vc_btn title=&#8221;Descobreix tots els nostres serveis&#8221; style=&#8221;outline&#8221; shape=&#8221;square&#8221; color=&#8221;black&#8221; align=&#8221;center&#8221; el_class=&#8221;tm-btn1&#8243; link=&#8221;url:https%3A%2F%2Fsistemasdetubos.com%2Fca%2Fserveis%2F|title:Servicios&#8221;][\/vc_column_inner][\/vc_row_inner][\/vc_column][\/vc_row]<\/p>\n<\/section>","protected":false},"excerpt":{"rendered":"<p>[vc_row css=&#8221;.vc_custom_1678704780490{padding-top: 60px !important;padding-bottom: 80px !important;}&#8221;][vc_column width=&#8221;5\/12&#8243; css=&#8221;.vc_custom_1678693422567{padding-top: 20px !important;}&#8221;][vc_custom_heading text=&#8221;Qu\u00e8 oferim?&#8221; font_container=&#8221;tag:h2|font_size:36px|text_align:left&#8221; el_class=&#8221;special&#8221;][vc_custom_heading text=&#8221;Instal\u00b7laci\u00f3 i muntatge de canonades de PEAD i de fosa en projectes d&#8217;obra p\u00fablica i privada en territori nacional i tamb\u00e9 internacional:&#8221; font_container=&#8221;tag:p|font_size:18px|text_align:left&#8221;][vc_column_text] EDAR\u00a0&#8211; Estacions Depuradores Aig\u00fces Residuals EDAM &#8211; Estacions Dessaladores Aigua Marina ETAP &#8211; Estacions de Tractament d&#8217;Aigua Col\u00b7lectors [&hellip;]<\/p>\n","protected":false},"author":1,"featured_media":0,"parent":76763,"menu_order":0,"comment_status":"closed","ping_status":"closed","template":"","meta":{"footnotes":""},"class_list":["post-76766","page","type-page","status-publish","hentry"],"aioseo_notices":[],"_links":{"self":[{"href":"https:\/\/sistemasdetubos.com\/ca\/wp-json\/wp\/v2\/pages\/76766","targetHints":{"allow":["GET"]}}],"collection":[{"href":"https:\/\/sistemasdetubos.com\/ca\/wp-json\/wp\/v2\/pages"}],"about":[{"href":"https:\/\/sistemasdetubos.com\/ca\/wp-json\/wp\/v2\/types\/page"}],"author":[{"embeddable":true,"href":"https:\/\/sistemasdetubos.com\/ca\/wp-json\/wp\/v2\/users\/1"}],"replies":[{"embeddable":true,"href":"https:\/\/sistemasdetubos.com\/ca\/wp-json\/wp\/v2\/comments?post=76766"}],"version-history":[{"count":4,"href":"https:\/\/sistemasdetubos.com\/ca\/wp-json\/wp\/v2\/pages\/76766\/revisions"}],"predecessor-version":[{"id":76863,"href":"https:\/\/sistemasdetubos.com\/ca\/wp-json\/wp\/v2\/pages\/76766\/revisions\/76863"}],"up":[{"embeddable":true,"href":"https:\/\/sistemasdetubos.com\/ca\/wp-json\/wp\/v2\/pages\/76763"}],"wp:attachment":[{"href":"https:\/\/sistemasdetubos.com\/ca\/wp-json\/wp\/v2\/media?parent=76766"}],"curies":[{"name":"wp","href":"https:\/\/api.w.org\/{rel}","templated":true}]}}